{"id":10706,"date":"2025-11-01T23:18:13","date_gmt":"2025-11-01T20:18:13","guid":{"rendered":"https:\/\/royalfood.ch\/?post_type=product&#038;p=10706"},"modified":"2025-11-01T23:23:07","modified_gmt":"2025-11-01T20:23:07","slug":"oeil-de-perdrix-terrasses-du-rhone-075l-18","status":"publish","type":"product","link":"https:\/\/royalfood.ch\/fr_fr\/produit\/oeil-de-perdrix-terrasses-du-rhone-075l-18\/","title":{"rendered":"\u0152il De Perdrix Terrasses Du Rh\u00f4ne 0,75l 18+"},"content":{"rendered":"","protected":false},"excerpt":{"rendered":"<div class=\"_2GljJ list-item-content-style_item-description__FN1kM\" data-qa=\"text\">\n<div class=\"_2GljJ list-item-content-style_item-description__FN1kM\" data-qa=\"text\">\n<div class=\"_2GljJ list-item-content-style_item-description__FN1kM\" data-qa=\"text\">\n<div class=\"_2GljJ list-item-content-style_item-description__FN1kM\" data-qa=\"text\">\n<div class=\"_2GljJ list-item-content-style_item-description__FN1kM\" data-qa=\"text\">\n<div class=\"_2GljJ list-item-content-style_item-description__FN1kM\" data-qa=\"text\">\n<div class=\"_2GljJ list-item-content-style_item-description__FN1kM\" data-qa=\"text\">Ros\u00e9,appellation d&rsquo;origine contr\u00f4l\u00e9e valais<\/div>\n<div class=\"fR36J formatted-item-information_formatted-item-information__LAHpM list-item-content-style_formatted-item-information__coZA1\" data-qa=\"text\"><span data-qa=\"menu-product-info-cdn\">13% vol,\u00a00,75l,\u00a0<span class=\"formatted-currency-style_content__VNVsV\" aria-hidden=\"false\">37,33\u00a0CHF<\/span>\/1l<\/span><\/div>\n<\/div>\n<\/div>\n<\/div>\n<\/div>\n<\/div>\n<\/div>\n","protected":false},"featured_media":10707,"comment_status":"open","ping_status":"closed","template":"","meta":[],"product_brand":[191],"product_cat":[202],"product_tag":[],"class_list":{"0":"post-10706","1":"product","2":"type-product","3":"status-publish","4":"has-post-thumbnail","6":"product_brand-royal-food","7":"product_cat-boissons-alcoolisees","9":"first","10":"instock","11":"shipping-taxable","12":"purchasable","13":"product-type-simple"},"_links":{"self":[{"href":"https:\/\/royalfood.ch\/fr_fr\/wp-json\/wp\/v2\/product\/10706","targetHints":{"allow":["GET"]}}],"collection":[{"href":"https:\/\/royalfood.ch\/fr_fr\/wp-json\/wp\/v2\/product"}],"about":[{"href":"https:\/\/royalfood.ch\/fr_fr\/wp-json\/wp\/v2\/types\/product"}],"replies":[{"embeddable":true,"href":"https:\/\/royalfood.ch\/fr_fr\/wp-json\/wp\/v2\/comments?post=10706"}],"wp:featuredmedia":[{"embeddable":true,"href":"https:\/\/royalfood.ch\/fr_fr\/wp-json\/wp\/v2\/media\/10707"}],"wp:attachment":[{"href":"https:\/\/royalfood.ch\/fr_fr\/wp-json\/wp\/v2\/media?parent=10706"}],"wp:term":[{"taxonomy":"product_brand","embeddable":true,"href":"https:\/\/royalfood.ch\/fr_fr\/wp-json\/wp\/v2\/product_brand?post=10706"},{"taxonomy":"product_cat","embeddable":true,"href":"https:\/\/royalfood.ch\/fr_fr\/wp-json\/wp\/v2\/product_cat?post=10706"},{"taxonomy":"product_tag","embeddable":true,"href":"https:\/\/royalfood.ch\/fr_fr\/wp-json\/wp\/v2\/product_tag?post=10706"}],"curies":[{"name":"wp","href":"https:\/\/api.w.org\/{rel}","templated":true}]}}