{"id":10655,"date":"2025-11-01T19:45:31","date_gmt":"2025-11-01T16:45:31","guid":{"rendered":"https:\/\/royalfood.ch\/?post_type=product&#038;p=10655"},"modified":"2025-11-01T19:46:19","modified_gmt":"2025-11-01T16:46:19","slug":"comparez-al-di-sorrento","status":"publish","type":"product","link":"https:\/\/royalfood.ch\/fr_fr\/produit\/comparez-al-di-sorrento\/","title":{"rendered":"Comparez Al Di Sorrento"},"content":{"rendered":"<p>Dessert glac\u00e9 inspir\u00e9 de la tradition italienne, \u00e0 base de cr\u00e8me, d\u2019amandes et de liqueur.<\/p>\n","protected":false},"excerpt":{"rendered":"<p data-start=\"128\" data-end=\"444\">Raffin\u00e9, frais et intens\u00e9ment savoureux, le Al Di Sorrento est un dessert italien au charme unique. Originaire de la c\u00f4te amalfitaine, il combine la cr\u00e8me glac\u00e9e onctueuse \u00e0 des \u00e9clats d\u2019amandes croquantes, le tout rehauss\u00e9 d\u2019une l\u00e9g\u00e8re note de liqueur italienne qui apporte profondeur et \u00e9l\u00e9gance.<\/p>\n<p data-start=\"446\" data-end=\"714\">Servi bien frais, il offre un parfait \u00e9quilibre entre douceur et fra\u00eecheur, rappelant les parfums ensoleill\u00e9s du sud de l\u2019Italie. Sa texture soyeuse et ses ar\u00f4mes subtils en font une alternative \u00e9l\u00e9gante aux desserts traditionnels comme le tiramisu ou le cheesecake.<\/p>\n<p data-start=\"716\" data-end=\"870\" data-is-last-node=\"\" data-is-only-node=\"\">Un dessert raffin\u00e9 et rafra\u00eechissant, id\u00e9al pour terminer un repas sur une touche l\u00e9g\u00e8re et aromatique \u2014 une v\u00e9ritable escale gustative \u00e0 Sorrente.<\/p>\n","protected":false},"featured_media":0,"comment_status":"open","ping_status":"closed","template":"","meta":[],"product_brand":[191],"product_cat":[200],"product_tag":[],"class_list":{"0":"post-10655","1":"product","2":"type-product","3":"status-publish","5":"product_brand-royal-food","6":"product_cat-desserts","8":"first","9":"outofstock","10":"shipping-taxable","11":"purchasable","12":"product-type-simple"},"_links":{"self":[{"href":"https:\/\/royalfood.ch\/fr_fr\/wp-json\/wp\/v2\/product\/10655","targetHints":{"allow":["GET"]}}],"collection":[{"href":"https:\/\/royalfood.ch\/fr_fr\/wp-json\/wp\/v2\/product"}],"about":[{"href":"https:\/\/royalfood.ch\/fr_fr\/wp-json\/wp\/v2\/types\/product"}],"replies":[{"embeddable":true,"href":"https:\/\/royalfood.ch\/fr_fr\/wp-json\/wp\/v2\/comments?post=10655"}],"wp:attachment":[{"href":"https:\/\/royalfood.ch\/fr_fr\/wp-json\/wp\/v2\/media?parent=10655"}],"wp:term":[{"taxonomy":"product_brand","embeddable":true,"href":"https:\/\/royalfood.ch\/fr_fr\/wp-json\/wp\/v2\/product_brand?post=10655"},{"taxonomy":"product_cat","embeddable":true,"href":"https:\/\/royalfood.ch\/fr_fr\/wp-json\/wp\/v2\/product_cat?post=10655"},{"taxonomy":"product_tag","embeddable":true,"href":"https:\/\/royalfood.ch\/fr_fr\/wp-json\/wp\/v2\/product_tag?post=10655"}],"curies":[{"name":"wp","href":"https:\/\/api.w.org\/{rel}","templated":true}]}}