{"id":10651,"date":"2025-11-01T19:41:24","date_gmt":"2025-11-01T16:41:24","guid":{"rendered":"https:\/\/royalfood.ch\/?post_type=product&#038;p=10651"},"modified":"2025-11-01T19:42:32","modified_gmt":"2025-11-01T16:42:32","slug":"tiramisu-lotos","status":"publish","type":"product","link":"https:\/\/royalfood.ch\/fr_fr\/produit\/tiramisu-lotos\/","title":{"rendered":"Tiramisu lotos"},"content":{"rendered":"<div class=\"rWs5G item-details-style_formatted-description-offset-top__s23Nz\" data-qa=\"text\">Tiramisu maison revisit\u00e9 avec biscuits Lotus, mascarpone et caramel.<\/div>\n","protected":false},"excerpt":{"rendered":"<p data-start=\"106\" data-end=\"470\">Gourmand et original, le Tiramisu Lotus est une variation moderne du c\u00e9l\u00e8bre dessert italien, o\u00f9 la douceur du biscuit sp\u00e9culoos Lotus rencontre la l\u00e9g\u00e8ret\u00e9 du mascarpone. Les couches de cr\u00e8me onctueuse, fouett\u00e9e \u00e0 la main, s\u2019alternent avec des biscuits Lotus imbib\u00e9s d\u2019un sirop parfum\u00e9, cr\u00e9ant un \u00e9quilibre parfait entre fondant et croquant.<\/p>\n<p data-start=\"472\" data-end=\"643\">Une touche de caramel coulant et un voile de poudre de sp\u00e9culoos viennent sublimer l\u2019ensemble, apportant des notes chaudes de cannelle, de vanille et de caramel.<\/p>\n<p data-start=\"645\" data-end=\"794\">Chaque bouch\u00e9e r\u00e9v\u00e8le une harmonie exquise de textures et de saveurs, entre la douceur cr\u00e9meuse du mascarpone et le go\u00fbt unique des biscuits Lotus.<\/p>\n<p data-start=\"796\" data-end=\"968\" data-is-last-node=\"\" data-is-only-node=\"\">Un dessert maison plein de caract\u00e8re et de r\u00e9confort, id\u00e9al pour les amateurs de saveurs sucr\u00e9es et \u00e9pic\u00e9es \u2014 une version moderne et addictive du tiramisu classique.<\/p>\n","protected":false},"featured_media":0,"comment_status":"open","ping_status":"closed","template":"","meta":[],"product_brand":[191],"product_cat":[200],"product_tag":[],"class_list":{"0":"post-10651","1":"product","2":"type-product","3":"status-publish","5":"product_brand-royal-food","6":"product_cat-desserts","8":"first","9":"instock","10":"shipping-taxable","11":"purchasable","12":"product-type-simple"},"_links":{"self":[{"href":"https:\/\/royalfood.ch\/fr_fr\/wp-json\/wp\/v2\/product\/10651","targetHints":{"allow":["GET"]}}],"collection":[{"href":"https:\/\/royalfood.ch\/fr_fr\/wp-json\/wp\/v2\/product"}],"about":[{"href":"https:\/\/royalfood.ch\/fr_fr\/wp-json\/wp\/v2\/types\/product"}],"replies":[{"embeddable":true,"href":"https:\/\/royalfood.ch\/fr_fr\/wp-json\/wp\/v2\/comments?post=10651"}],"wp:attachment":[{"href":"https:\/\/royalfood.ch\/fr_fr\/wp-json\/wp\/v2\/media?parent=10651"}],"wp:term":[{"taxonomy":"product_brand","embeddable":true,"href":"https:\/\/royalfood.ch\/fr_fr\/wp-json\/wp\/v2\/product_brand?post=10651"},{"taxonomy":"product_cat","embeddable":true,"href":"https:\/\/royalfood.ch\/fr_fr\/wp-json\/wp\/v2\/product_cat?post=10651"},{"taxonomy":"product_tag","embeddable":true,"href":"https:\/\/royalfood.ch\/fr_fr\/wp-json\/wp\/v2\/product_tag?post=10651"}],"curies":[{"name":"wp","href":"https:\/\/api.w.org\/{rel}","templated":true}]}}