{"id":10641,"date":"2025-11-01T19:19:31","date_gmt":"2025-11-01T16:19:31","guid":{"rendered":"https:\/\/royalfood.ch\/?post_type=product&#038;p=10641"},"modified":"2025-11-01T19:20:15","modified_gmt":"2025-11-01T16:20:15","slug":"chicken-nuggets-avec-frites-12-pieces","status":"publish","type":"product","link":"https:\/\/royalfood.ch\/fr_fr\/produit\/chicken-nuggets-avec-frites-12-pieces\/","title":{"rendered":"Chicken Nuggets Avec Frites (12 pi\u00e8ces)"},"content":{"rendered":"<p>Chicken nuggets dor\u00e9s accompagn\u00e9s d\u2019une g\u00e9n\u00e9reuse portion de frites croustillantes, servis chauds avec une sauce au choix.<\/p>\n","protected":false},"excerpt":{"rendered":"<p data-start=\"186\" data-end=\"415\">Id\u00e9al pour les grands app\u00e9tits ou \u00e0 partager, ce menu r\u00e9unit 12 nuggets de poulet croustillants, pr\u00e9par\u00e9s \u00e0 partir de blanc de poulet tendre et juteux, enrob\u00e9s d\u2019une panure l\u00e9g\u00e8re et dor\u00e9e pour un go\u00fbt irr\u00e9sistible.<\/p>\n<p data-start=\"417\" data-end=\"666\">Les nuggets sont servis avec une portion de frites dor\u00e9es et moelleuses, parfaites pour accompagner le croustillant du poulet. Ajoutez-y la sauce de votre choix \u2014 ketchup, barbecue, mayonnaise ou sauce maison \u2014 pour encore plus de plaisir.<\/p>\n<p data-start=\"668\" data-end=\"783\" data-is-last-node=\"\" data-is-only-node=\"\">Un repas g\u00e9n\u00e9reux et gourmand, parfait pour un moment convivial ou une pause d\u00e9licieusement r\u00e9confortante.<\/p>\n","protected":false},"featured_media":0,"comment_status":"open","ping_status":"closed","template":"","meta":[],"product_brand":[191],"product_cat":[199],"product_tag":[],"class_list":{"0":"post-10641","1":"product","2":"type-product","3":"status-publish","5":"product_brand-royal-food","6":"product_cat-snacks","8":"first","9":"instock","10":"shipping-taxable","11":"purchasable","12":"product-type-simple"},"_links":{"self":[{"href":"https:\/\/royalfood.ch\/fr_fr\/wp-json\/wp\/v2\/product\/10641","targetHints":{"allow":["GET"]}}],"collection":[{"href":"https:\/\/royalfood.ch\/fr_fr\/wp-json\/wp\/v2\/product"}],"about":[{"href":"https:\/\/royalfood.ch\/fr_fr\/wp-json\/wp\/v2\/types\/product"}],"replies":[{"embeddable":true,"href":"https:\/\/royalfood.ch\/fr_fr\/wp-json\/wp\/v2\/comments?post=10641"}],"wp:attachment":[{"href":"https:\/\/royalfood.ch\/fr_fr\/wp-json\/wp\/v2\/media?parent=10641"}],"wp:term":[{"taxonomy":"product_brand","embeddable":true,"href":"https:\/\/royalfood.ch\/fr_fr\/wp-json\/wp\/v2\/product_brand?post=10641"},{"taxonomy":"product_cat","embeddable":true,"href":"https:\/\/royalfood.ch\/fr_fr\/wp-json\/wp\/v2\/product_cat?post=10641"},{"taxonomy":"product_tag","embeddable":true,"href":"https:\/\/royalfood.ch\/fr_fr\/wp-json\/wp\/v2\/product_tag?post=10641"}],"curies":[{"name":"wp","href":"https:\/\/api.w.org\/{rel}","templated":true}]}}