{"id":10640,"date":"2025-11-01T19:18:13","date_gmt":"2025-11-01T16:18:13","guid":{"rendered":"https:\/\/royalfood.ch\/?post_type=product&#038;p=10640"},"modified":"2025-11-01T19:19:14","modified_gmt":"2025-11-01T16:19:14","slug":"chicken-nuggets-avec-frites-7-pieces","status":"publish","type":"product","link":"https:\/\/royalfood.ch\/fr_fr\/produit\/chicken-nuggets-avec-frites-7-pieces\/","title":{"rendered":"Chicken Nuggets Avec Frites (7 pi\u00e8ces)"},"content":{"rendered":"<p>Chicken nuggets croustillants accompagn\u00e9s d\u2019une portion de frites dor\u00e9es, servis chauds avec une sauce au choix.<\/p>\n","protected":false},"excerpt":{"rendered":"<p data-start=\"175\" data-end=\"418\">G\u00e9n\u00e9reux et gourmand, ce menu associe le meilleur du croustillant et du fondant. Les 7 nuggets de poulet, pr\u00e9par\u00e9s \u00e0 partir de blanc de poulet tendre, sont enrob\u00e9s d\u2019une panure dor\u00e9e et l\u00e9g\u00e8re qui leur donne une texture parfaite.<\/p>\n<p data-start=\"420\" data-end=\"674\">Ils sont accompagn\u00e9s d\u2019une portion de frites bien dor\u00e9es, croustillantes \u00e0 l\u2019ext\u00e9rieur et moelleuses \u00e0 l\u2019int\u00e9rieur, pour un duo irr\u00e9sistible. Le tout est servi chaud, avec la sauce de votre choix \u2014 ketchup, mayonnaise, barbecue ou sauce maison.<\/p>\n<p data-start=\"676\" data-end=\"797\" data-is-last-node=\"\" data-is-only-node=\"\">Un repas complet, simple et savoureux, parfait pour les amateurs de poulet croustillant et de frites gourmandes.<\/p>\n","protected":false},"featured_media":0,"comment_status":"open","ping_status":"closed","template":"","meta":[],"product_brand":[191],"product_cat":[199],"product_tag":[],"class_list":{"0":"post-10640","1":"product","2":"type-product","3":"status-publish","5":"product_brand-royal-food","6":"product_cat-snacks","8":"first","9":"instock","10":"shipping-taxable","11":"purchasable","12":"product-type-simple"},"_links":{"self":[{"href":"https:\/\/royalfood.ch\/fr_fr\/wp-json\/wp\/v2\/product\/10640","targetHints":{"allow":["GET"]}}],"collection":[{"href":"https:\/\/royalfood.ch\/fr_fr\/wp-json\/wp\/v2\/product"}],"about":[{"href":"https:\/\/royalfood.ch\/fr_fr\/wp-json\/wp\/v2\/types\/product"}],"replies":[{"embeddable":true,"href":"https:\/\/royalfood.ch\/fr_fr\/wp-json\/wp\/v2\/comments?post=10640"}],"wp:attachment":[{"href":"https:\/\/royalfood.ch\/fr_fr\/wp-json\/wp\/v2\/media?parent=10640"}],"wp:term":[{"taxonomy":"product_brand","embeddable":true,"href":"https:\/\/royalfood.ch\/fr_fr\/wp-json\/wp\/v2\/product_brand?post=10640"},{"taxonomy":"product_cat","embeddable":true,"href":"https:\/\/royalfood.ch\/fr_fr\/wp-json\/wp\/v2\/product_cat?post=10640"},{"taxonomy":"product_tag","embeddable":true,"href":"https:\/\/royalfood.ch\/fr_fr\/wp-json\/wp\/v2\/product_tag?post=10640"}],"curies":[{"name":"wp","href":"https:\/\/api.w.org\/{rel}","templated":true}]}}