{"id":10637,"date":"2025-11-01T19:14:36","date_gmt":"2025-11-01T16:14:36","guid":{"rendered":"https:\/\/royalfood.ch\/?post_type=product&#038;p=10637"},"modified":"2025-11-01T19:15:14","modified_gmt":"2025-11-01T16:15:14","slug":"portion-frites-grande","status":"publish","type":"product","link":"https:\/\/royalfood.ch\/fr_fr\/produit\/portion-frites-grande\/","title":{"rendered":"Portion Frites Grande"},"content":{"rendered":"<p>Frites dor\u00e9es et croustillantes, servies chaudes.<\/p>\n","protected":false},"excerpt":{"rendered":"<p data-start=\"117\" data-end=\"410\">G\u00e9n\u00e9reuse et gourmande, la Grande Portion de Frites est parfaite pour les vrais amateurs ! Pr\u00e9par\u00e9es \u00e0 partir de pommes de terre s\u00e9lectionn\u00e9es, elles sont l\u00e9g\u00e8rement sal\u00e9es et frites jusqu\u2019\u00e0 obtenir une texture id\u00e9ale : croustillantes \u00e0 l\u2019ext\u00e9rieur, moelleuses \u00e0 l\u2019int\u00e9rieur.<\/p>\n<p data-start=\"412\" data-end=\"598\">Servies chaudes, elles accompagnent \u00e0 merveille vos plats \u2014 burgers, paninis, pides, salades ou viandes \u2014 et se d\u00e9gustent avec la sauce de votre choix, pour encore plus de plaisir.<\/p>\n<p data-start=\"600\" data-end=\"715\" data-is-last-node=\"\" data-is-only-node=\"\">\ud83c\udf5f Un grand classique ind\u00e9modable, parfait \u00e0 partager\u2026 ou \u00e0 savourer tout seul pour une pause ultra-gourmande !<\/p>\n","protected":false},"featured_media":0,"comment_status":"open","ping_status":"closed","template":"","meta":[],"product_brand":[191],"product_cat":[199],"product_tag":[],"class_list":{"0":"post-10637","1":"product","2":"type-product","3":"status-publish","5":"product_brand-royal-food","6":"product_cat-snacks","8":"first","9":"instock","10":"shipping-taxable","11":"purchasable","12":"product-type-simple"},"_links":{"self":[{"href":"https:\/\/royalfood.ch\/fr_fr\/wp-json\/wp\/v2\/product\/10637","targetHints":{"allow":["GET"]}}],"collection":[{"href":"https:\/\/royalfood.ch\/fr_fr\/wp-json\/wp\/v2\/product"}],"about":[{"href":"https:\/\/royalfood.ch\/fr_fr\/wp-json\/wp\/v2\/types\/product"}],"replies":[{"embeddable":true,"href":"https:\/\/royalfood.ch\/fr_fr\/wp-json\/wp\/v2\/comments?post=10637"}],"wp:attachment":[{"href":"https:\/\/royalfood.ch\/fr_fr\/wp-json\/wp\/v2\/media?parent=10637"}],"wp:term":[{"taxonomy":"product_brand","embeddable":true,"href":"https:\/\/royalfood.ch\/fr_fr\/wp-json\/wp\/v2\/product_brand?post=10637"},{"taxonomy":"product_cat","embeddable":true,"href":"https:\/\/royalfood.ch\/fr_fr\/wp-json\/wp\/v2\/product_cat?post=10637"},{"taxonomy":"product_tag","embeddable":true,"href":"https:\/\/royalfood.ch\/fr_fr\/wp-json\/wp\/v2\/product_tag?post=10637"}],"curies":[{"name":"wp","href":"https:\/\/api.w.org\/{rel}","templated":true}]}}