{"id":10635,"date":"2025-11-01T19:13:29","date_gmt":"2025-11-01T16:13:29","guid":{"rendered":"https:\/\/royalfood.ch\/?post_type=product&#038;p=10635"},"modified":"2025-11-01T19:13:29","modified_gmt":"2025-11-01T16:13:29","slug":"portion-frites-petite","status":"publish","type":"product","link":"https:\/\/royalfood.ch\/fr_fr\/produit\/portion-frites-petite\/","title":{"rendered":"Portion Frites Petite"},"content":{"rendered":"<p>Frites dor\u00e9es et croustillantes, servies chaudes.<\/p>\n","protected":false},"excerpt":{"rendered":"<p data-start=\"94\" data-end=\"313\">Classiques et irr\u00e9sistibles, les Petites Frites sont pr\u00e9par\u00e9es \u00e0 partir de pommes de terre de qualit\u00e9, dor\u00e9es \u00e0 la perfection pour obtenir une texture croustillante \u00e0 l\u2019ext\u00e9rieur et fondante \u00e0 l\u2019int\u00e9rieur.<\/p>\n<p data-start=\"315\" data-end=\"503\">Servies bien chaudes, elles accompagnent id\u00e9alement burgers, paninis, pides ou salades, ou se d\u00e9gustent simplement avec la sauce de votre choix \u2014 ketchup, mayonnaise ou sauce maison.<\/p>\n<p data-start=\"505\" data-end=\"613\" data-is-last-node=\"\" data-is-only-node=\"\">Un incontournable croustillant et savoureux, parfait pour une petite faim ou en accompagnement l\u00e9ger.<\/p>\n","protected":false},"featured_media":0,"comment_status":"open","ping_status":"closed","template":"","meta":[],"product_brand":[191],"product_cat":[199],"product_tag":[],"class_list":{"0":"post-10635","1":"product","2":"type-product","3":"status-publish","5":"product_brand-royal-food","6":"product_cat-snacks","8":"first","9":"instock","10":"shipping-taxable","11":"purchasable","12":"product-type-simple"},"_links":{"self":[{"href":"https:\/\/royalfood.ch\/fr_fr\/wp-json\/wp\/v2\/product\/10635","targetHints":{"allow":["GET"]}}],"collection":[{"href":"https:\/\/royalfood.ch\/fr_fr\/wp-json\/wp\/v2\/product"}],"about":[{"href":"https:\/\/royalfood.ch\/fr_fr\/wp-json\/wp\/v2\/types\/product"}],"replies":[{"embeddable":true,"href":"https:\/\/royalfood.ch\/fr_fr\/wp-json\/wp\/v2\/comments?post=10635"}],"wp:attachment":[{"href":"https:\/\/royalfood.ch\/fr_fr\/wp-json\/wp\/v2\/media?parent=10635"}],"wp:term":[{"taxonomy":"product_brand","embeddable":true,"href":"https:\/\/royalfood.ch\/fr_fr\/wp-json\/wp\/v2\/product_brand?post=10635"},{"taxonomy":"product_cat","embeddable":true,"href":"https:\/\/royalfood.ch\/fr_fr\/wp-json\/wp\/v2\/product_cat?post=10635"},{"taxonomy":"product_tag","embeddable":true,"href":"https:\/\/royalfood.ch\/fr_fr\/wp-json\/wp\/v2\/product_tag?post=10635"}],"curies":[{"name":"wp","href":"https:\/\/api.w.org\/{rel}","templated":true}]}}