{"id":10632,"date":"2025-11-01T19:08:40","date_gmt":"2025-11-01T16:08:40","guid":{"rendered":"https:\/\/royalfood.ch\/?post_type=product&#038;p=10632"},"modified":"2025-11-01T19:09:27","modified_gmt":"2025-11-01T16:09:27","slug":"salade-au-thon","status":"publish","type":"product","link":"https:\/\/royalfood.ch\/fr_fr\/produit\/salade-au-thon\/","title":{"rendered":"Salade Au Thon"},"content":{"rendered":"<p data-start=\"0\" data-end=\"123\">Salade avec tomate, carotte, fromage<\/p>\n","protected":false},"excerpt":{"rendered":"<p data-start=\"78\" data-end=\"341\">L\u00e9g\u00e8re, \u00e9quilibr\u00e9e et savoureuse, la Salade au Thon est parfaite pour un repas frais et nourrissant. La salade verte croquante s\u2019associe \u00e0 la douceur des tomates et au croquant des carottes r\u00e2p\u00e9es, formant une base color\u00e9e et pleine de vitalit\u00e9.<\/p>\n<p data-start=\"343\" data-end=\"529\">Le thon, riche en prot\u00e9ines et en go\u00fbt, apporte une touche marine d\u00e9licate, tandis que le fromage fondant vient adoucir l\u2019ensemble pour une exp\u00e9rience harmonieuse et gourmande.<\/p>\n<p data-start=\"531\" data-end=\"701\" data-is-last-node=\"\" data-is-only-node=\"\">Une salade simple, fra\u00eeche et compl\u00e8te, id\u00e9ale pour une pause d\u00e9jeuner l\u00e9g\u00e8re ou un d\u00eener estival \u2014 \u00e0 d\u00e9guster avec un filet de citron ou un trait d\u2019huile d\u2019olive.<\/p>\n","protected":false},"featured_media":0,"comment_status":"open","ping_status":"closed","template":"","meta":[],"product_brand":[191],"product_cat":[190],"product_tag":[],"class_list":{"0":"post-10632","1":"product","2":"type-product","3":"status-publish","5":"product_brand-royal-food","6":"product_cat-salades","8":"first","9":"instock","10":"shipping-taxable","11":"purchasable","12":"product-type-simple"},"_links":{"self":[{"href":"https:\/\/royalfood.ch\/fr_fr\/wp-json\/wp\/v2\/product\/10632","targetHints":{"allow":["GET"]}}],"collection":[{"href":"https:\/\/royalfood.ch\/fr_fr\/wp-json\/wp\/v2\/product"}],"about":[{"href":"https:\/\/royalfood.ch\/fr_fr\/wp-json\/wp\/v2\/types\/product"}],"replies":[{"embeddable":true,"href":"https:\/\/royalfood.ch\/fr_fr\/wp-json\/wp\/v2\/comments?post=10632"}],"wp:attachment":[{"href":"https:\/\/royalfood.ch\/fr_fr\/wp-json\/wp\/v2\/media?parent=10632"}],"wp:term":[{"taxonomy":"product_brand","embeddable":true,"href":"https:\/\/royalfood.ch\/fr_fr\/wp-json\/wp\/v2\/product_brand?post=10632"},{"taxonomy":"product_cat","embeddable":true,"href":"https:\/\/royalfood.ch\/fr_fr\/wp-json\/wp\/v2\/product_cat?post=10632"},{"taxonomy":"product_tag","embeddable":true,"href":"https:\/\/royalfood.ch\/fr_fr\/wp-json\/wp\/v2\/product_tag?post=10632"}],"curies":[{"name":"wp","href":"https:\/\/api.w.org\/{rel}","templated":true}]}}