{"id":10631,"date":"2025-11-01T19:07:35","date_gmt":"2025-11-01T16:07:35","guid":{"rendered":"https:\/\/royalfood.ch\/?post_type=product&#038;p=10631"},"modified":"2025-11-01T19:08:14","modified_gmt":"2025-11-01T16:08:14","slug":"salade-cesar","status":"publish","type":"product","link":"https:\/\/royalfood.ch\/fr_fr\/produit\/salade-cesar\/","title":{"rendered":"Salade C\u00e9sar"},"content":{"rendered":"<p data-start=\"0\" data-end=\"123\">Salade ,tomate, avec cro\u00fbtes de fromage parmesan , blanc de poulet grill\u00e9 et cro\u00fbtons de pain<\/p>\n","protected":false},"excerpt":{"rendered":"<article class=\"text-token-text-primary w-full focus:outline-none [--shadow-height:45px] has-data-writing-block:pointer-events-none has-data-writing-block:-mt-(--shadow-height) has-data-writing-block:pt-(--shadow-height) [&amp;:has([data-writing-block])&gt;*]:pointer-events-auto [content-visibility:auto] supports-[content-visibility:auto]:[contain-intrinsic-size:auto_100lvh] scroll-mt-[calc(var(--header-height)+min(200px,max(70px,20svh)))]\" dir=\"auto\" tabindex=\"-1\" data-turn-id=\"request-6904b5fc-d248-8330-88ca-736dd36ff01b-49\" data-testid=\"conversation-turn-112\" data-scroll-anchor=\"true\" data-turn=\"assistant\">\n<div class=\"text-base my-auto mx-auto pb-10 [--thread-content-margin:--spacing(4)] thread-sm:[--thread-content-margin:--spacing(6)] thread-lg:[--thread-content-margin:--spacing(16)] px-(--thread-content-margin)\">\n<div class=\"[--thread-content-max-width:40rem] thread-lg:[--thread-content-max-width:48rem] mx-auto max-w-(--thread-content-max-width) flex-1 group\/turn-messages focus-visible:outline-hidden relative flex w-full min-w-0 flex-col agent-turn\" tabindex=\"-1\">\n<div class=\"flex max-w-full flex-col grow\">\n<div class=\"min-h-8 text-message relative flex w-full flex-col items-end gap-2 text-start break-words whitespace-normal [.text-message+&amp;]:mt-1\" dir=\"auto\" data-message-author-role=\"assistant\" data-message-id=\"caa87072-cd34-4854-9684-dbd39dc37bc3\" data-message-model-slug=\"gpt-5\">\n<div class=\"flex w-full flex-col gap-1 empty:hidden first:pt-[1px]\">\n<div class=\"markdown prose dark:prose-invert w-full break-words dark markdown-new-styling\">\n<p data-start=\"125\" data-end=\"388\">Ind\u00e9modable et savoureuse, la Salade C\u00e9sar allie croquant, fra\u00eecheur et richesse en go\u00fbt. La salade verte croquante et les tomates fra\u00eeches forment une base l\u00e9g\u00e8re, sublim\u00e9e par de g\u00e9n\u00e9reux copeaux de parmesan au go\u00fbt raffin\u00e9 et l\u00e9g\u00e8rement sal\u00e9.<\/p>\n<p data-start=\"390\" data-end=\"710\">Le blanc de poulet grill\u00e9, tendre et juteux, apporte une touche prot\u00e9in\u00e9e et gourmande, tandis que les cro\u00fbtons dor\u00e9s ajoutent un croustillant irr\u00e9sistible. Le tout est relev\u00e9 d\u2019une sauce C\u00e9sar onctueuse, \u00e0 base de parmesan, citron et une pointe d\u2019ail, pour un \u00e9quilibre parfait entre douceur et caract\u00e8re.<\/p>\n<p data-start=\"712\" data-end=\"857\" data-is-last-node=\"\" data-is-only-node=\"\">Une salade compl\u00e8te et raffin\u00e9e, id\u00e9ale pour un repas l\u00e9ger mais nourrissant \u2014 un grand classique intemporel de la cuisine internationale.<\/p>\n<\/div>\n<\/div>\n<\/div>\n<\/div>\n<\/div>\n<\/div>\n<\/article>\n","protected":false},"featured_media":0,"comment_status":"open","ping_status":"closed","template":"","meta":[],"product_brand":[191],"product_cat":[190],"product_tag":[],"class_list":{"0":"post-10631","1":"product","2":"type-product","3":"status-publish","5":"product_brand-royal-food","6":"product_cat-salades","8":"first","9":"instock","10":"shipping-taxable","11":"purchasable","12":"product-type-simple"},"_links":{"self":[{"href":"https:\/\/royalfood.ch\/fr_fr\/wp-json\/wp\/v2\/product\/10631","targetHints":{"allow":["GET"]}}],"collection":[{"href":"https:\/\/royalfood.ch\/fr_fr\/wp-json\/wp\/v2\/product"}],"about":[{"href":"https:\/\/royalfood.ch\/fr_fr\/wp-json\/wp\/v2\/types\/product"}],"replies":[{"embeddable":true,"href":"https:\/\/royalfood.ch\/fr_fr\/wp-json\/wp\/v2\/comments?post=10631"}],"wp:attachment":[{"href":"https:\/\/royalfood.ch\/fr_fr\/wp-json\/wp\/v2\/media?parent=10631"}],"wp:term":[{"taxonomy":"product_brand","embeddable":true,"href":"https:\/\/royalfood.ch\/fr_fr\/wp-json\/wp\/v2\/product_brand?post=10631"},{"taxonomy":"product_cat","embeddable":true,"href":"https:\/\/royalfood.ch\/fr_fr\/wp-json\/wp\/v2\/product_cat?post=10631"},{"taxonomy":"product_tag","embeddable":true,"href":"https:\/\/royalfood.ch\/fr_fr\/wp-json\/wp\/v2\/product_tag?post=10631"}],"curies":[{"name":"wp","href":"https:\/\/api.w.org\/{rel}","templated":true}]}}