{"id":10624,"date":"2025-11-01T18:59:53","date_gmt":"2025-11-01T15:59:53","guid":{"rendered":"https:\/\/royalfood.ch\/?post_type=product&#038;p=10624"},"modified":"2025-11-01T18:59:53","modified_gmt":"2025-11-01T15:59:53","slug":"cocktail-de-crevettes","status":"publish","type":"product","link":"https:\/\/royalfood.ch\/fr_fr\/produit\/cocktail-de-crevettes\/","title":{"rendered":"Cocktail De Crevettes"},"content":{"rendered":"<p>Salade compos\u00e9e de crevettes, laitue croquante, tomates, ma\u00efs, \u0153uf dur et sauce cocktail.<\/p>\n","protected":false},"excerpt":{"rendered":"<p data-start=\"133\" data-end=\"456\">Frais, color\u00e9 et raffin\u00e9, le Cocktail de Crevettes est une salade l\u00e9g\u00e8re qui allie la douceur des crevettes d\u00e9cortiqu\u00e9es \u00e0 la fra\u00eecheur des l\u00e9gumes croquants. La laitue fra\u00eeche et les tomates juteuses forment une base vitamin\u00e9e, enrichie de ma\u00efs sucr\u00e9 et d\u2019un \u0153uf dur pour plus de gourmandise.<\/p>\n<p data-start=\"458\" data-end=\"621\">Le tout est d\u00e9licatement napp\u00e9 d\u2019une sauce cocktail onctueuse, au go\u00fbt doux et l\u00e9g\u00e8rement acidul\u00e9, qui met en valeur la finesse des crevettes sans l\u2019\u00e9craser.<\/p>\n<p data-start=\"623\" data-end=\"777\" data-is-last-node=\"\" data-is-only-node=\"\">Une salade \u00e9l\u00e9gante et \u00e9quilibr\u00e9e, id\u00e9ale pour un repas frais et l\u00e9ger \u2014 parfaite en entr\u00e9e ou comme plat principal lors des journ\u00e9es ensoleill\u00e9es.<\/p>\n","protected":false},"featured_media":0,"comment_status":"open","ping_status":"closed","template":"","meta":[],"product_brand":[191],"product_cat":[190],"product_tag":[],"class_list":{"0":"post-10624","1":"product","2":"type-product","3":"status-publish","5":"product_brand-royal-food","6":"product_cat-salades","8":"first","9":"instock","10":"shipping-taxable","11":"purchasable","12":"product-type-simple"},"_links":{"self":[{"href":"https:\/\/royalfood.ch\/fr_fr\/wp-json\/wp\/v2\/product\/10624","targetHints":{"allow":["GET"]}}],"collection":[{"href":"https:\/\/royalfood.ch\/fr_fr\/wp-json\/wp\/v2\/product"}],"about":[{"href":"https:\/\/royalfood.ch\/fr_fr\/wp-json\/wp\/v2\/types\/product"}],"replies":[{"embeddable":true,"href":"https:\/\/royalfood.ch\/fr_fr\/wp-json\/wp\/v2\/comments?post=10624"}],"wp:attachment":[{"href":"https:\/\/royalfood.ch\/fr_fr\/wp-json\/wp\/v2\/media?parent=10624"}],"wp:term":[{"taxonomy":"product_brand","embeddable":true,"href":"https:\/\/royalfood.ch\/fr_fr\/wp-json\/wp\/v2\/product_brand?post=10624"},{"taxonomy":"product_cat","embeddable":true,"href":"https:\/\/royalfood.ch\/fr_fr\/wp-json\/wp\/v2\/product_cat?post=10624"},{"taxonomy":"product_tag","embeddable":true,"href":"https:\/\/royalfood.ch\/fr_fr\/wp-json\/wp\/v2\/product_tag?post=10624"}],"curies":[{"name":"wp","href":"https:\/\/api.w.org\/{rel}","templated":true}]}}