{"id":10623,"date":"2025-11-01T18:57:47","date_gmt":"2025-11-01T15:57:47","guid":{"rendered":"https:\/\/royalfood.ch\/?post_type=product&#038;p=10623"},"modified":"2025-11-01T18:58:30","modified_gmt":"2025-11-01T15:58:30","slug":"panini-parma-tomate-mozzarella","status":"publish","type":"product","link":"https:\/\/royalfood.ch\/fr_fr\/produit\/panini-parma-tomate-mozzarella\/","title":{"rendered":"Panini Parma Tomate Mozzarella"},"content":{"rendered":"<p>Pr\u00e9par\u00e9 avec jambon de Parme, tomates fra\u00eeches, mozzarella fondante et une sauce au choix<\/p>\n","protected":false},"excerpt":{"rendered":"<article class=\"text-token-text-primary w-full focus:outline-none [--shadow-height:45px] has-data-writing-block:pointer-events-none has-data-writing-block:-mt-(--shadow-height) has-data-writing-block:pt-(--shadow-height) [&amp;:has([data-writing-block])&gt;*]:pointer-events-auto [content-visibility:auto] supports-[content-visibility:auto]:[contain-intrinsic-size:auto_100lvh] scroll-mt-[calc(var(--header-height)+min(200px,max(70px,20svh)))]\" dir=\"auto\" tabindex=\"-1\" data-turn-id=\"request-6904b5fc-d248-8330-88ca-736dd36ff01b-45\" data-testid=\"conversation-turn-104\" data-scroll-anchor=\"true\" data-turn=\"assistant\">\n<div class=\"text-base my-auto mx-auto pb-10 [--thread-content-margin:--spacing(4)] thread-sm:[--thread-content-margin:--spacing(6)] thread-lg:[--thread-content-margin:--spacing(16)] px-(--thread-content-margin)\">\n<div class=\"[--thread-content-max-width:40rem] thread-lg:[--thread-content-max-width:48rem] mx-auto max-w-(--thread-content-max-width) flex-1 group\/turn-messages focus-visible:outline-hidden relative flex w-full min-w-0 flex-col agent-turn\" tabindex=\"-1\">\n<div class=\"flex max-w-full flex-col grow\">\n<div class=\"min-h-8 text-message relative flex w-full flex-col items-end gap-2 text-start break-words whitespace-normal [.text-message+&amp;]:mt-1\" dir=\"auto\" data-message-author-role=\"assistant\" data-message-id=\"15e9a0b9-ec0b-4f0c-88e6-8ce4f38452ab\" data-message-model-slug=\"gpt-5\">\n<div class=\"flex w-full flex-col gap-1 empty:hidden first:pt-[1px]\">\n<div class=\"markdown prose dark:prose-invert w-full break-words dark markdown-new-styling\">\n<p data-start=\"177\" data-end=\"474\">\u00c9l\u00e9gant et raffin\u00e9, le Panini Parma Tomate Mozzarella c\u00e9l\u00e8bre la tradition italienne dans toute sa simplicit\u00e9. Le jambon de Parme, affin\u00e9 et d\u00e9licatement sal\u00e9, s\u2019associe \u00e0 la mozzarella fondante et aux tomates fra\u00eeches pour cr\u00e9er une harmonie parfaite entre douceur et caract\u00e8re.<\/p>\n<p data-start=\"476\" data-end=\"750\">Grill\u00e9 \u00e0 la perfection, le pain dor\u00e9 et croustillant enferme un c\u0153ur fondant et parfum\u00e9. La sauce pesto, recommand\u00e9e pour son go\u00fbt authentique de basilic, d\u2019ail et de parmesan, vient sublimer cette combinaison m\u00e9diterran\u00e9enne avec une touche aromatique et ensoleill\u00e9e.<\/p>\n<p data-start=\"752\" data-end=\"924\" data-is-last-node=\"\" data-is-only-node=\"\">Un panini raffin\u00e9 et savoureux, id\u00e9al pour un repas rapide aux accents d\u2019Italie \u2014 \u00e0 savourer chaud, accompagn\u00e9 d\u2019une salade fra\u00eeche ou d\u2019un verre de limonade maison.<\/p>\n<\/div>\n<\/div>\n<\/div>\n<\/div>\n<div class=\"z-0 flex min-h-[46px] justify-start\"><\/div>\n<div class=\"mt-3 w-full empty:hidden\">\n<div class=\"text-center\"><\/div>\n<\/div>\n<\/div>\n<\/div>\n<\/article>\n<div class=\"pointer-events-none h-px w-px\" aria-hidden=\"true\" data-edge=\"true\"><\/div>\n","protected":false},"featured_media":0,"comment_status":"open","ping_status":"closed","template":"","meta":[],"product_brand":[191],"product_cat":[198],"product_tag":[],"class_list":{"0":"post-10623","1":"product","2":"type-product","3":"status-publish","5":"product_brand-royal-food","6":"product_cat-panini","8":"first","9":"instock","10":"shipping-taxable","11":"purchasable","12":"product-type-simple"},"_links":{"self":[{"href":"https:\/\/royalfood.ch\/fr_fr\/wp-json\/wp\/v2\/product\/10623","targetHints":{"allow":["GET"]}}],"collection":[{"href":"https:\/\/royalfood.ch\/fr_fr\/wp-json\/wp\/v2\/product"}],"about":[{"href":"https:\/\/royalfood.ch\/fr_fr\/wp-json\/wp\/v2\/types\/product"}],"replies":[{"embeddable":true,"href":"https:\/\/royalfood.ch\/fr_fr\/wp-json\/wp\/v2\/comments?post=10623"}],"wp:attachment":[{"href":"https:\/\/royalfood.ch\/fr_fr\/wp-json\/wp\/v2\/media?parent=10623"}],"wp:term":[{"taxonomy":"product_brand","embeddable":true,"href":"https:\/\/royalfood.ch\/fr_fr\/wp-json\/wp\/v2\/product_brand?post=10623"},{"taxonomy":"product_cat","embeddable":true,"href":"https:\/\/royalfood.ch\/fr_fr\/wp-json\/wp\/v2\/product_cat?post=10623"},{"taxonomy":"product_tag","embeddable":true,"href":"https:\/\/royalfood.ch\/fr_fr\/wp-json\/wp\/v2\/product_tag?post=10623"}],"curies":[{"name":"wp","href":"https:\/\/api.w.org\/{rel}","templated":true}]}}