{"id":10615,"date":"2025-11-01T18:49:07","date_gmt":"2025-11-01T15:49:07","guid":{"rendered":"https:\/\/royalfood.ch\/?post_type=product&#038;p=10615"},"modified":"2025-11-01T18:49:58","modified_gmt":"2025-11-01T15:49:58","slug":"panini-tomate-mozzarella","status":"publish","type":"product","link":"https:\/\/royalfood.ch\/fr_fr\/produit\/panini-tomate-mozzarella\/","title":{"rendered":"Panini Tomate Mozzarella"},"content":{"rendered":"<p>Pr\u00e9par\u00e9 avec tomates fra\u00eeches, mozzarella fondante, basilic et une sauce au choix<\/p>\n","protected":false},"excerpt":{"rendered":"<p data-start=\"163\" data-end=\"466\">Frais, fondant et plein de soleil, le Panini Tomate Mozzarella incarne la simplicit\u00e9 et l\u2019\u00e9l\u00e9gance de la cuisine italienne. Garni de tranches de tomates juteuses et de mozzarella fondante, il est sublim\u00e9 par une touche de basilic frais qui apporte un parfum m\u00e9diterran\u00e9en irr\u00e9sistible.<\/p>\n<p data-start=\"468\" data-end=\"683\">Grill\u00e9 \u00e0 la perfection, le pain croustillant r\u00e9v\u00e8le un c\u0153ur moelleux et filant, tandis que la sauce pesto, recommand\u00e9e pour son go\u00fbt parfum\u00e9 et l\u00e9g\u00e8rement herbac\u00e9, vient rehausser la fra\u00eecheur des ingr\u00e9dients.<\/p>\n<p data-start=\"685\" data-end=\"850\" data-is-last-node=\"\" data-is-only-node=\"\">Un panini l\u00e9ger, v\u00e9g\u00e9tarien et savoureux, parfait pour une pause gourmande aux saveurs d\u2019Italie \u2014 \u00e0 savourer chaud, accompagn\u00e9 d\u2019une salade ou d\u2019un jus frais.<\/p>\n","protected":false},"featured_media":0,"comment_status":"open","ping_status":"closed","template":"","meta":[],"product_brand":[191],"product_cat":[198],"product_tag":[],"class_list":{"0":"post-10615","1":"product","2":"type-product","3":"status-publish","5":"product_brand-royal-food","6":"product_cat-panini","8":"first","9":"instock","10":"shipping-taxable","11":"purchasable","12":"product-type-simple"},"_links":{"self":[{"href":"https:\/\/royalfood.ch\/fr_fr\/wp-json\/wp\/v2\/product\/10615","targetHints":{"allow":["GET"]}}],"collection":[{"href":"https:\/\/royalfood.ch\/fr_fr\/wp-json\/wp\/v2\/product"}],"about":[{"href":"https:\/\/royalfood.ch\/fr_fr\/wp-json\/wp\/v2\/types\/product"}],"replies":[{"embeddable":true,"href":"https:\/\/royalfood.ch\/fr_fr\/wp-json\/wp\/v2\/comments?post=10615"}],"wp:attachment":[{"href":"https:\/\/royalfood.ch\/fr_fr\/wp-json\/wp\/v2\/media?parent=10615"}],"wp:term":[{"taxonomy":"product_brand","embeddable":true,"href":"https:\/\/royalfood.ch\/fr_fr\/wp-json\/wp\/v2\/product_brand?post=10615"},{"taxonomy":"product_cat","embeddable":true,"href":"https:\/\/royalfood.ch\/fr_fr\/wp-json\/wp\/v2\/product_cat?post=10615"},{"taxonomy":"product_tag","embeddable":true,"href":"https:\/\/royalfood.ch\/fr_fr\/wp-json\/wp\/v2\/product_tag?post=10615"}],"curies":[{"name":"wp","href":"https:\/\/api.w.org\/{rel}","templated":true}]}}