{"id":10605,"date":"2025-11-01T18:37:43","date_gmt":"2025-11-01T15:37:43","guid":{"rendered":"https:\/\/royalfood.ch\/?post_type=product&#038;p=10605"},"modified":"2025-11-01T18:38:22","modified_gmt":"2025-11-01T15:38:22","slug":"le-paysan","status":"publish","type":"product","link":"https:\/\/royalfood.ch\/fr_fr\/produit\/le-paysan\/","title":{"rendered":"Le Paysan"},"content":{"rendered":"<p>Pr\u00e9par\u00e9 avec filet de poulet, fromage, salade, oignons, frites et une sauce au choix (sauce recommand\u00e9e : moutarde).<\/p>\n","protected":false},"excerpt":{"rendered":"<p data-start=\"148\" data-end=\"399\">Rustique, g\u00e9n\u00e9reux et plein de saveurs, Le Paysan est un classique revisit\u00e9 pour les amateurs de sandwichs copieux. Il r\u00e9unit un filet de poulet grill\u00e9, tendre et juteux, accompagn\u00e9 d\u2019un fromage fondant qui apporte douceur et onctuosit\u00e9.<\/p>\n<p data-start=\"401\" data-end=\"622\">La salade fra\u00eeche et les oignons l\u00e9g\u00e8rement croquants apportent une touche de l\u00e9g\u00e8ret\u00e9, tandis que les frites int\u00e9gr\u00e9es directement dans le sandwich lui donnent une texture gourmande et un go\u00fbt irr\u00e9sistible.<\/p>\n<p data-start=\"624\" data-end=\"823\">Le tout est sublim\u00e9 par une sauce au choix, avec une recommandation sp\u00e9ciale pour la sauce moutarde, qui vient relever le go\u00fbt du poulet et ajouter une note l\u00e9g\u00e8rement piquante et raffin\u00e9e.<\/p>\n<p data-start=\"825\" data-end=\"958\" data-is-last-node=\"\" data-is-only-node=\"\">Un sandwich complet et savoureux, parfait pour les grandes faims \u2014 \u00e0 d\u00e9guster avec une boisson fra\u00eeche ou un th\u00e9 glac\u00e9 maison.<\/p>\n","protected":false},"featured_media":0,"comment_status":"open","ping_status":"closed","template":"","meta":[],"product_brand":[191],"product_cat":[189],"product_tag":[],"class_list":{"0":"post-10605","1":"product","2":"type-product","3":"status-publish","5":"product_brand-royal-food","6":"product_cat-chicken-burger","8":"first","9":"instock","10":"shipping-taxable","11":"purchasable","12":"product-type-simple"},"_links":{"self":[{"href":"https:\/\/royalfood.ch\/fr_fr\/wp-json\/wp\/v2\/product\/10605","targetHints":{"allow":["GET"]}}],"collection":[{"href":"https:\/\/royalfood.ch\/fr_fr\/wp-json\/wp\/v2\/product"}],"about":[{"href":"https:\/\/royalfood.ch\/fr_fr\/wp-json\/wp\/v2\/types\/product"}],"replies":[{"embeddable":true,"href":"https:\/\/royalfood.ch\/fr_fr\/wp-json\/wp\/v2\/comments?post=10605"}],"wp:attachment":[{"href":"https:\/\/royalfood.ch\/fr_fr\/wp-json\/wp\/v2\/media?parent=10605"}],"wp:term":[{"taxonomy":"product_brand","embeddable":true,"href":"https:\/\/royalfood.ch\/fr_fr\/wp-json\/wp\/v2\/product_brand?post=10605"},{"taxonomy":"product_cat","embeddable":true,"href":"https:\/\/royalfood.ch\/fr_fr\/wp-json\/wp\/v2\/product_cat?post=10605"},{"taxonomy":"product_tag","embeddable":true,"href":"https:\/\/royalfood.ch\/fr_fr\/wp-json\/wp\/v2\/product_tag?post=10605"}],"curies":[{"name":"wp","href":"https:\/\/api.w.org\/{rel}","templated":true}]}}