{"id":10604,"date":"2025-11-01T18:37:31","date_gmt":"2025-11-01T15:37:31","guid":{"rendered":"https:\/\/royalfood.ch\/?post_type=product&#038;p=10604"},"modified":"2025-11-01T18:37:32","modified_gmt":"2025-11-01T15:37:32","slug":"le-magic","status":"publish","type":"product","link":"https:\/\/royalfood.ch\/fr_fr\/produit\/le-magic\/","title":{"rendered":"Le magic"},"content":{"rendered":"<p>Pr\u00e9par\u00e9 avec filet de poulet, fromage, salade, oignons frais, mayonnaise et une sauce au choix. ( sauce recommand\u00e9 : sauce barbecue)<\/p>\n","protected":false},"excerpt":{"rendered":"<p data-start=\"0\" data-end=\"161\">Pr\u00e9par\u00e9 avec filet de poulet, fromage, salade, oignons frais, mayonnaise et une sauce au choix (sauce recommand\u00e9e : sauce barbecue).<\/p>\n<p data-start=\"163\" data-end=\"418\">Savoureux et g\u00e9n\u00e9reux, Le Magic porte bien son nom : une explosion de go\u00fbts \u00e0 chaque bouch\u00e9e. Pr\u00e9par\u00e9 avec un filet de poulet tendre et grill\u00e9, il s\u2019accompagne d\u2019un fromage fondant qui vient enrober la viande d\u2019une texture douce et cr\u00e9meuse.<\/p>\n<p data-start=\"420\" data-end=\"780\">La salade croquante et les oignons frais apportent une note de fra\u00eecheur qui \u00e9quilibre parfaitement la richesse du poulet et du fromage. Le tout est relev\u00e9 d\u2019une mayonnaise onctueuse et d\u2019une sauce au choix, avec une recommandation sp\u00e9ciale pour la sauce barbecue, qui ajoute une touche fum\u00e9e et l\u00e9g\u00e8rement sucr\u00e9e absolument irr\u00e9sistible.<\/p>\n<p data-start=\"782\" data-end=\"958\" data-is-last-node=\"\" data-is-only-node=\"\">Un sandwich plein de saveurs et de caract\u00e8re, id\u00e9al pour un repas rapide mais gourmand \u2014 \u00e0 savourer seul ou accompagn\u00e9 de frites croustillantes et d\u2019une boisson fra\u00eeche.<\/p>\n","protected":false},"featured_media":0,"comment_status":"open","ping_status":"closed","template":"","meta":[],"product_brand":[191],"product_cat":[189],"product_tag":[],"class_list":{"0":"post-10604","1":"product","2":"type-product","3":"status-publish","5":"product_brand-royal-food","6":"product_cat-chicken-burger","8":"first","9":"instock","10":"shipping-taxable","11":"purchasable","12":"product-type-simple"},"_links":{"self":[{"href":"https:\/\/royalfood.ch\/fr_fr\/wp-json\/wp\/v2\/product\/10604","targetHints":{"allow":["GET"]}}],"collection":[{"href":"https:\/\/royalfood.ch\/fr_fr\/wp-json\/wp\/v2\/product"}],"about":[{"href":"https:\/\/royalfood.ch\/fr_fr\/wp-json\/wp\/v2\/types\/product"}],"replies":[{"embeddable":true,"href":"https:\/\/royalfood.ch\/fr_fr\/wp-json\/wp\/v2\/comments?post=10604"}],"wp:attachment":[{"href":"https:\/\/royalfood.ch\/fr_fr\/wp-json\/wp\/v2\/media?parent=10604"}],"wp:term":[{"taxonomy":"product_brand","embeddable":true,"href":"https:\/\/royalfood.ch\/fr_fr\/wp-json\/wp\/v2\/product_brand?post=10604"},{"taxonomy":"product_cat","embeddable":true,"href":"https:\/\/royalfood.ch\/fr_fr\/wp-json\/wp\/v2\/product_cat?post=10604"},{"taxonomy":"product_tag","embeddable":true,"href":"https:\/\/royalfood.ch\/fr_fr\/wp-json\/wp\/v2\/product_tag?post=10604"}],"curies":[{"name":"wp","href":"https:\/\/api.w.org\/{rel}","templated":true}]}}