{"id":10602,"date":"2025-11-01T18:33:47","date_gmt":"2025-11-01T15:33:47","guid":{"rendered":"https:\/\/royalfood.ch\/?post_type=product&#038;p=10602"},"modified":"2025-11-01T18:34:19","modified_gmt":"2025-11-01T15:34:19","slug":"pide-avec-un-oeuf","status":"publish","type":"product","link":"https:\/\/royalfood.ch\/fr_fr\/produit\/pide-avec-un-oeuf\/","title":{"rendered":"Pide avec un oeuf"},"content":{"rendered":"<div class=\"item-details-style_card__fI4sI\" data-qa=\"item-details-card\">\n<div class=\"item-details-style_card-description__3ztM9\">\n<div class=\"_1sMed _1wlHd Yc8ZH _1VvW7 hzg-6\" data-qa=\"flex\">\n<div class=\"rWs5G\" data-qa=\"text\">Servi avec salade m\u00eal\u00e9e<\/div>\n<div class=\"item-details-style_productImgUnavailable-energy-container__gwPKh\"><\/div>\n<div data-qa=\"util\">\n<div data-qa=\"text\"><\/div>\n<\/div>\n<\/div>\n<\/div>\n<\/div>\n<div data-qa=\"util\">\n<div class=\"item-choices-style_content__PeXTk\" data-qa=\"item-choices\"><\/div>\n<\/div>\n","protected":false},"excerpt":{"rendered":"<p data-start=\"63\" data-end=\"332\">Simple, d\u00e9licate et savoureuse, la Pide avec un \u0152uf met \u00e0 l\u2019honneur la tradition turque dans sa forme la plus authentique. Sa p\u00e2te fine et dor\u00e9e, fa\u00e7onn\u00e9e \u00e0 la main, est cuite au four jusqu\u2019\u00e0 devenir l\u00e9g\u00e8rement croustillante sur les bords et moelleuse \u00e0 c\u0153ur.<\/p>\n<p data-start=\"334\" data-end=\"609\">Un \u0153uf frais est d\u00e9licatement ajout\u00e9 en fin de cuisson, apportant une texture cr\u00e9meuse et un go\u00fbt riche qui se marie \u00e0 merveille avec la mozzarella fondante et la l\u00e9g\u00e8re note beurr\u00e9e de la p\u00e2te. Chaque bouch\u00e9e est un parfait \u00e9quilibre entre simplicit\u00e9 et r\u00e9confort.<\/p>\n<p data-start=\"611\" data-end=\"716\">Servie avec une salade m\u00eal\u00e9e fra\u00eeche et croquante, elle offre un repas complet, l\u00e9ger et \u00e9quilibr\u00e9.<\/p>\n<p data-start=\"718\" data-end=\"904\" data-is-last-node=\"\" data-is-only-node=\"\">ne pide classique et r\u00e9confortante, id\u00e9ale pour ceux qui appr\u00e9cient la douceur des plats faits maison \u2014 \u00e0 d\u00e9guster chaude, accompagn\u00e9e d\u2019un th\u00e9 turc ou d\u2019une limonade artisanale.<\/p>\n","protected":false},"featured_media":0,"comment_status":"open","ping_status":"closed","template":"","meta":[],"product_brand":[191],"product_cat":[197],"product_tag":[],"class_list":{"0":"post-10602","1":"product","2":"type-product","3":"status-publish","5":"product_brand-royal-food","6":"product_cat-pide","8":"first","9":"instock","10":"shipping-taxable","11":"purchasable","12":"product-type-simple"},"_links":{"self":[{"href":"https:\/\/royalfood.ch\/fr_fr\/wp-json\/wp\/v2\/product\/10602","targetHints":{"allow":["GET"]}}],"collection":[{"href":"https:\/\/royalfood.ch\/fr_fr\/wp-json\/wp\/v2\/product"}],"about":[{"href":"https:\/\/royalfood.ch\/fr_fr\/wp-json\/wp\/v2\/types\/product"}],"replies":[{"embeddable":true,"href":"https:\/\/royalfood.ch\/fr_fr\/wp-json\/wp\/v2\/comments?post=10602"}],"wp:attachment":[{"href":"https:\/\/royalfood.ch\/fr_fr\/wp-json\/wp\/v2\/media?parent=10602"}],"wp:term":[{"taxonomy":"product_brand","embeddable":true,"href":"https:\/\/royalfood.ch\/fr_fr\/wp-json\/wp\/v2\/product_brand?post=10602"},{"taxonomy":"product_cat","embeddable":true,"href":"https:\/\/royalfood.ch\/fr_fr\/wp-json\/wp\/v2\/product_cat?post=10602"},{"taxonomy":"product_tag","embeddable":true,"href":"https:\/\/royalfood.ch\/fr_fr\/wp-json\/wp\/v2\/product_tag?post=10602"}],"curies":[{"name":"wp","href":"https:\/\/api.w.org\/{rel}","templated":true}]}}