{"id":10600,"date":"2025-11-01T18:31:51","date_gmt":"2025-11-01T15:31:51","guid":{"rendered":"https:\/\/royalfood.ch\/?post_type=product&#038;p=10600"},"modified":"2025-11-01T18:32:27","modified_gmt":"2025-11-01T15:32:27","slug":"pide-kebab-poulet","status":"publish","type":"product","link":"https:\/\/royalfood.ch\/fr_fr\/produit\/pide-kebab-poulet\/","title":{"rendered":"Pide kebab poulet"},"content":{"rendered":"<div class=\"item-details-style_card__fI4sI\" data-qa=\"item-details-card\">\n<div class=\"item-details-style_card-description__3ztM9\">\n<div class=\"_1sMed _1wlHd Yc8ZH _1VvW7 hzg-6\" data-qa=\"flex\">\n<div class=\"rWs5G\" data-qa=\"text\">Servi avec salade m\u00eal\u00e9e<\/div>\n<div class=\"item-details-style_productImgUnavailable-energy-container__gwPKh\"><\/div>\n<div data-qa=\"util\">\n<div data-qa=\"text\"><span data-qa=\"menu-product-info-cdn\">0,33l,\u00a0<span class=\"formatted-currency-style_content__VNVsV\" aria-hidden=\"false\">57,58\u00a0CHF<\/span>\/1l<\/span><\/div>\n<\/div>\n<\/div>\n<\/div>\n<\/div>\n<div data-qa=\"util\">\n<div class=\"item-choices-style_content__PeXTk\" data-qa=\"item-choices\"><\/div>\n<\/div>\n","protected":false},"excerpt":{"rendered":"<p data-start=\"64\" data-end=\"387\">Savoureuse et g\u00e9n\u00e9reuse, la Pide Kebab Poulet combine le savoir-faire turc traditionnel \u00e0 la gourmandise des saveurs orientales. Sur une p\u00e2te fine et dor\u00e9e, cuite \u00e0 la perfection, s\u2019\u00e9tend une garniture de viande de poulet marin\u00e9e fa\u00e7on kebab, tendre, l\u00e9g\u00e8rement \u00e9pic\u00e9e et grill\u00e9e pour en r\u00e9v\u00e9ler tout l\u2019ar\u00f4me.<\/p>\n<p data-start=\"389\" data-end=\"639\">La mozzarella fondante et la sauce maison viennent enrober la viande d\u2019une texture onctueuse, cr\u00e9ant une harmonie parfaite entre douceur et intensit\u00e9. Chaque bouch\u00e9e \u00e9voque la chaleur des march\u00e9s turcs et la convivialit\u00e9 des repas partag\u00e9s.<\/p>\n<p data-start=\"641\" data-end=\"768\">Servie avec une salade m\u00eal\u00e9e fra\u00eeche et croquante, elle apporte une touche de l\u00e9g\u00e8ret\u00e9 qui \u00e9quilibre la richesse du plat.<\/p>\n<p data-start=\"770\" data-end=\"947\" data-is-last-node=\"\" data-is-only-node=\"\">Une pide pleine de caract\u00e8re et de soleil, parfaite pour les amateurs de cuisine orientale \u2014 \u00e0 d\u00e9guster chaude, accompagn\u00e9e d\u2019un ayran traditionnel ou d\u2019une bi\u00e8re l\u00e9g\u00e8re.<\/p>\n","protected":false},"featured_media":0,"comment_status":"open","ping_status":"closed","template":"","meta":[],"product_brand":[191],"product_cat":[197],"product_tag":[],"class_list":{"0":"post-10600","1":"product","2":"type-product","3":"status-publish","5":"product_brand-royal-food","6":"product_cat-pide","8":"first","9":"instock","10":"shipping-taxable","11":"purchasable","12":"product-type-simple"},"_links":{"self":[{"href":"https:\/\/royalfood.ch\/fr_fr\/wp-json\/wp\/v2\/product\/10600","targetHints":{"allow":["GET"]}}],"collection":[{"href":"https:\/\/royalfood.ch\/fr_fr\/wp-json\/wp\/v2\/product"}],"about":[{"href":"https:\/\/royalfood.ch\/fr_fr\/wp-json\/wp\/v2\/types\/product"}],"replies":[{"embeddable":true,"href":"https:\/\/royalfood.ch\/fr_fr\/wp-json\/wp\/v2\/comments?post=10600"}],"wp:attachment":[{"href":"https:\/\/royalfood.ch\/fr_fr\/wp-json\/wp\/v2\/media?parent=10600"}],"wp:term":[{"taxonomy":"product_brand","embeddable":true,"href":"https:\/\/royalfood.ch\/fr_fr\/wp-json\/wp\/v2\/product_brand?post=10600"},{"taxonomy":"product_cat","embeddable":true,"href":"https:\/\/royalfood.ch\/fr_fr\/wp-json\/wp\/v2\/product_cat?post=10600"},{"taxonomy":"product_tag","embeddable":true,"href":"https:\/\/royalfood.ch\/fr_fr\/wp-json\/wp\/v2\/product_tag?post=10600"}],"curies":[{"name":"wp","href":"https:\/\/api.w.org\/{rel}","templated":true}]}}