{"id":10596,"date":"2025-11-01T18:28:10","date_gmt":"2025-11-01T15:28:10","guid":{"rendered":"https:\/\/royalfood.ch\/?post_type=product&#038;p=10596"},"modified":"2025-11-01T18:28:37","modified_gmt":"2025-11-01T15:28:37","slug":"pide-a-la-viande-hachee","status":"publish","type":"product","link":"https:\/\/royalfood.ch\/fr_fr\/produit\/pide-a-la-viande-hachee\/","title":{"rendered":"Pide \u00e0 la viande hach\u00e9e"},"content":{"rendered":"<p>Servi avec salade m\u00eal\u00e9e<\/p>\n","protected":false},"excerpt":{"rendered":"<p data-start=\"70\" data-end=\"450\">Authentique et savoureuse, la Pide \u00e0 la Viande Hach\u00e9e est l\u2019un des plats embl\u00e9matiques de la cuisine turque, c\u00e9l\u00e8bre pour sa p\u00e2te fine, dor\u00e9e et moelleuse, garnie d\u2019un m\u00e9lange de viande hach\u00e9e assaisonn\u00e9e et d\u2019\u00e9pices m\u00e9diterran\u00e9ennes. Chaque bouch\u00e9e r\u00e9v\u00e8le un \u00e9quilibre parfait entre la richesse de la viande, la douceur de la p\u00e2te et la l\u00e9g\u00e8re acidit\u00e9 de la tomate.<\/p>\n<p data-start=\"452\" data-end=\"714\">Pr\u00e9par\u00e9e avec soin et cuite au four traditionnel, cette pide s\u00e9duit par son parfum g\u00e9n\u00e9reux et sa texture fondante. Elle est servie avec une salade m\u00eal\u00e9e fra\u00eeche, qui apporte une note de l\u00e9g\u00e8ret\u00e9 et de croquant pour compl\u00e9ter ce plat riche et r\u00e9confortant.<\/p>\n<p data-start=\"716\" data-end=\"929\" data-is-last-node=\"\" data-is-only-node=\"\">Une sp\u00e9cialit\u00e9 turque pleine de caract\u00e8re, id\u00e9ale pour les amateurs de cuisine orientale authentique \u2014 \u00e0 d\u00e9guster bien chaude, accompagn\u00e9e d\u2019un ayran ou d\u2019un th\u00e9 turc pour une exp\u00e9rience gustative compl\u00e8te.<\/p>\n","protected":false},"featured_media":0,"comment_status":"open","ping_status":"closed","template":"","meta":[],"product_brand":[191],"product_cat":[197],"product_tag":[],"class_list":{"0":"post-10596","1":"product","2":"type-product","3":"status-publish","5":"product_brand-royal-food","6":"product_cat-pide","8":"first","9":"instock","10":"shipping-taxable","11":"purchasable","12":"product-type-simple"},"_links":{"self":[{"href":"https:\/\/royalfood.ch\/fr_fr\/wp-json\/wp\/v2\/product\/10596","targetHints":{"allow":["GET"]}}],"collection":[{"href":"https:\/\/royalfood.ch\/fr_fr\/wp-json\/wp\/v2\/product"}],"about":[{"href":"https:\/\/royalfood.ch\/fr_fr\/wp-json\/wp\/v2\/types\/product"}],"replies":[{"embeddable":true,"href":"https:\/\/royalfood.ch\/fr_fr\/wp-json\/wp\/v2\/comments?post=10596"}],"wp:attachment":[{"href":"https:\/\/royalfood.ch\/fr_fr\/wp-json\/wp\/v2\/media?parent=10596"}],"wp:term":[{"taxonomy":"product_brand","embeddable":true,"href":"https:\/\/royalfood.ch\/fr_fr\/wp-json\/wp\/v2\/product_brand?post=10596"},{"taxonomy":"product_cat","embeddable":true,"href":"https:\/\/royalfood.ch\/fr_fr\/wp-json\/wp\/v2\/product_cat?post=10596"},{"taxonomy":"product_tag","embeddable":true,"href":"https:\/\/royalfood.ch\/fr_fr\/wp-json\/wp\/v2\/product_tag?post=10596"}],"curies":[{"name":"wp","href":"https:\/\/api.w.org\/{rel}","templated":true}]}}