{"id":10568,"date":"2025-11-01T18:01:30","date_gmt":"2025-11-01T15:01:30","guid":{"rendered":"https:\/\/royalfood.ch\/?post_type=product&#038;p=10568"},"modified":"2025-11-01T18:01:59","modified_gmt":"2025-11-01T15:01:59","slug":"pizza-crottine","status":"publish","type":"product","link":"https:\/\/royalfood.ch\/fr_fr\/produit\/pizza-crottine\/","title":{"rendered":"Pizza crottine"},"content":{"rendered":"<p>Sauce tomate, mozzarella, lard, fromage de ch\u00e8vre<\/p>\n","protected":false},"excerpt":{"rendered":"<article class=\"text-token-text-primary w-full focus:outline-none [--shadow-height:45px] has-data-writing-block:pointer-events-none has-data-writing-block:-mt-(--shadow-height) has-data-writing-block:pt-(--shadow-height) [&amp;:has([data-writing-block])&gt;*]:pointer-events-auto [content-visibility:auto] supports-[content-visibility:auto]:[contain-intrinsic-size:auto_100lvh] scroll-mt-[calc(var(--header-height)+min(200px,max(70px,20svh)))]\" dir=\"auto\" tabindex=\"-1\" data-turn-id=\"request-6904b5fc-d248-8330-88ca-736dd36ff01b-8\" data-testid=\"conversation-turn-30\" data-scroll-anchor=\"true\" data-turn=\"assistant\">\n<div class=\"text-base my-auto mx-auto pb-10 [--thread-content-margin:--spacing(4)] thread-sm:[--thread-content-margin:--spacing(6)] thread-lg:[--thread-content-margin:--spacing(16)] px-(--thread-content-margin)\">\n<div class=\"[--thread-content-max-width:40rem] thread-lg:[--thread-content-max-width:48rem] mx-auto max-w-(--thread-content-max-width) flex-1 group\/turn-messages focus-visible:outline-hidden relative flex w-full min-w-0 flex-col agent-turn\" tabindex=\"-1\">\n<div class=\"flex max-w-full flex-col grow\">\n<div class=\"min-h-8 text-message relative flex w-full flex-col items-end gap-2 text-start break-words whitespace-normal [.text-message+&amp;]:mt-1\" dir=\"auto\" data-message-author-role=\"assistant\" data-message-id=\"424fb807-ee36-41de-892a-6df0f9224420\" data-message-model-slug=\"gpt-5\">\n<div class=\"flex w-full flex-col gap-1 empty:hidden first:pt-[1px]\">\n<div class=\"markdown prose dark:prose-invert w-full break-words dark markdown-new-styling\">\n<p data-start=\"87\" data-end=\"472\">D\u00e9licate et pleine de caract\u00e8re, la Pizza Crottine marie l\u2019intensit\u00e9 du fromage de ch\u00e8vre \u00e0 la richesse d\u2019un lard croustillant, pour une alliance \u00e0 la fois rustique et raffin\u00e9e. Sur une base de sauce tomate parfum\u00e9e aux herbes italiennes, la mozzarella fondante apporte douceur et rondeur, cr\u00e9ant un \u00e9quilibre parfait avec la saveur affirm\u00e9e du fromage de ch\u00e8vre.<\/p>\n<p data-start=\"474\" data-end=\"712\">Le lard finement grill\u00e9 ajoute une touche fum\u00e9e et sal\u00e9e qui contraste merveilleusement avec la fra\u00eecheur l\u00e9g\u00e8rement acidul\u00e9e du ch\u00e8vre, tandis que la p\u00e2te fine, dor\u00e9e au four, offre une texture croustillante et moelleuse \u00e0 la fois.<\/p>\n<p data-start=\"714\" data-end=\"812\">Chaque bouch\u00e9e \u00e9voque la chaleur des tables italiennes et la g\u00e9n\u00e9rosit\u00e9 des produits du terroir.<\/p>\n<p data-start=\"814\" data-end=\"1020\" data-is-last-node=\"\" data-is-only-node=\"\">Une pizza savoureuse et \u00e9l\u00e9gante, id\u00e9ale pour ceux qui aiment les mariages de saveurs intenses et cr\u00e9meuses \u2014 \u00e0 accompagner d\u2019un vin blanc sec ou d\u2019une bi\u00e8re artisanale l\u00e9g\u00e8re pour un accord parfait.<\/p>\n<\/div>\n<\/div>\n<\/div>\n<\/div>\n<div class=\"z-0 flex min-h-[46px] justify-start\"><\/div>\n<div class=\"mt-3 w-full empty:hidden\">\n<div class=\"text-center\"><\/div>\n<\/div>\n<\/div>\n<\/div>\n<\/article>\n<div class=\"pointer-events-none h-px w-px\" aria-hidden=\"true\" data-edge=\"true\"><\/div>\n","protected":false},"featured_media":0,"comment_status":"open","ping_status":"closed","template":"","meta":[],"product_brand":[191],"product_cat":[188],"product_tag":[],"class_list":{"0":"post-10568","1":"product","2":"type-product","3":"status-publish","5":"product_brand-royal-food","6":"product_cat-pizza","8":"first","9":"instock","10":"shipping-taxable","11":"purchasable","12":"product-type-variable"},"_links":{"self":[{"href":"https:\/\/royalfood.ch\/fr_fr\/wp-json\/wp\/v2\/product\/10568","targetHints":{"allow":["GET"]}}],"collection":[{"href":"https:\/\/royalfood.ch\/fr_fr\/wp-json\/wp\/v2\/product"}],"about":[{"href":"https:\/\/royalfood.ch\/fr_fr\/wp-json\/wp\/v2\/types\/product"}],"replies":[{"embeddable":true,"href":"https:\/\/royalfood.ch\/fr_fr\/wp-json\/wp\/v2\/comments?post=10568"}],"wp:attachment":[{"href":"https:\/\/royalfood.ch\/fr_fr\/wp-json\/wp\/v2\/media?parent=10568"}],"wp:term":[{"taxonomy":"product_brand","embeddable":true,"href":"https:\/\/royalfood.ch\/fr_fr\/wp-json\/wp\/v2\/product_brand?post=10568"},{"taxonomy":"product_cat","embeddable":true,"href":"https:\/\/royalfood.ch\/fr_fr\/wp-json\/wp\/v2\/product_cat?post=10568"},{"taxonomy":"product_tag","embeddable":true,"href":"https:\/\/royalfood.ch\/fr_fr\/wp-json\/wp\/v2\/product_tag?post=10568"}],"curies":[{"name":"wp","href":"https:\/\/api.w.org\/{rel}","templated":true}]}}