{"id":10439,"date":"2025-10-21T17:55:45","date_gmt":"2025-10-21T14:55:45","guid":{"rendered":"https:\/\/royalfood.ch\/?post_type=product&#038;p=10439"},"modified":"2025-10-21T18:17:10","modified_gmt":"2025-10-21T15:17:10","slug":"pizza-diavola","status":"publish","type":"product","link":"https:\/\/royalfood.ch\/fr_fr\/produit\/pizza-diavola\/","title":{"rendered":"Pizza diavola"},"content":{"rendered":"<p>Sauce tomate, mozzarella, chorizo<\/p>\n","protected":false},"excerpt":{"rendered":"<p>Une pizza italienne au caract\u00e8re bien tremp\u00e9, parfaite pour les amateurs de sensations fortes.\u00a0<br data-start=\"223\" data-end=\"226\" \/>Pr\u00e9par\u00e9e avec une base de sauce tomate relev\u00e9e, recouverte de mozzarella fondante et garnie de tranches de <strong data-start=\"333\" data-end=\"352\">chorizo piquant<\/strong>.<br data-start=\"353\" data-end=\"356\" \/>Chaque bouch\u00e9e d\u00e9voile un \u00e9quilibre entre la douceur du fromage et la chaleur \u00e9pic\u00e9e du chorizo.<br data-start=\"452\" data-end=\"455\" \/>Une explosion de saveurs m\u00e9diterran\u00e9ennes \u2014 intense, gourmande et irr\u00e9sistible.<\/p>\n","protected":false},"featured_media":0,"comment_status":"open","ping_status":"closed","template":"","meta":[],"product_brand":[191],"product_cat":[188],"product_tag":[],"class_list":{"0":"post-10439","1":"product","2":"type-product","3":"status-publish","5":"product_brand-royal-food","6":"product_cat-pizza","8":"first","9":"instock","10":"shipping-taxable","11":"purchasable","12":"product-type-variable"},"_links":{"self":[{"href":"https:\/\/royalfood.ch\/fr_fr\/wp-json\/wp\/v2\/product\/10439","targetHints":{"allow":["GET"]}}],"collection":[{"href":"https:\/\/royalfood.ch\/fr_fr\/wp-json\/wp\/v2\/product"}],"about":[{"href":"https:\/\/royalfood.ch\/fr_fr\/wp-json\/wp\/v2\/types\/product"}],"replies":[{"embeddable":true,"href":"https:\/\/royalfood.ch\/fr_fr\/wp-json\/wp\/v2\/comments?post=10439"}],"wp:attachment":[{"href":"https:\/\/royalfood.ch\/fr_fr\/wp-json\/wp\/v2\/media?parent=10439"}],"wp:term":[{"taxonomy":"product_brand","embeddable":true,"href":"https:\/\/royalfood.ch\/fr_fr\/wp-json\/wp\/v2\/product_brand?post=10439"},{"taxonomy":"product_cat","embeddable":true,"href":"https:\/\/royalfood.ch\/fr_fr\/wp-json\/wp\/v2\/product_cat?post=10439"},{"taxonomy":"product_tag","embeddable":true,"href":"https:\/\/royalfood.ch\/fr_fr\/wp-json\/wp\/v2\/product_tag?post=10439"}],"curies":[{"name":"wp","href":"https:\/\/api.w.org\/{rel}","templated":true}]}}