{"id":10419,"date":"2025-10-21T15:34:55","date_gmt":"2025-10-21T12:34:55","guid":{"rendered":"https:\/\/royalfood.ch\/?post_type=product&#038;p=10419"},"modified":"2025-10-21T15:36:36","modified_gmt":"2025-10-21T12:36:36","slug":"pizza-crevettes","status":"publish","type":"product","link":"https:\/\/royalfood.ch\/fr_fr\/produit\/pizza-crevettes\/","title":{"rendered":"Pizza crevettes"},"content":{"rendered":"<p>Sauce tomate, mozzarella, crevettes<\/p>\n","protected":false},"excerpt":{"rendered":"<p>Une pizza d\u00e9licate et savoureuse aux accents marins.\u00a0<br data-start=\"184\" data-end=\"187\" \/>Pr\u00e9par\u00e9e avec une base de sauce tomate parfum\u00e9e et une mozzarella fondante, agr\u00e9ment\u00e9e de crevettes fra\u00eeches et juteuses, l\u00e9g\u00e8rement relev\u00e9es pour en exalter la saveur.<br data-start=\"355\" data-end=\"358\" \/>Chaque bouch\u00e9e offre un parfait \u00e9quilibre entre la douceur du fromage, la fra\u00eecheur de la mer et la richesse de la p\u00e2te dor\u00e9e.<br data-start=\"484\" data-end=\"487\" \/>Une pizza \u00e9l\u00e9gante et gourmande, id\u00e9ale pour les amateurs de fruits de mer.<\/p>\n","protected":false},"featured_media":0,"comment_status":"open","ping_status":"closed","template":"","meta":[],"product_brand":[191],"product_cat":[188],"product_tag":[],"class_list":{"0":"post-10419","1":"product","2":"type-product","3":"status-publish","5":"product_brand-royal-food","6":"product_cat-pizza","8":"first","9":"instock","10":"shipping-taxable","11":"purchasable","12":"product-type-variable"},"_links":{"self":[{"href":"https:\/\/royalfood.ch\/fr_fr\/wp-json\/wp\/v2\/product\/10419","targetHints":{"allow":["GET"]}}],"collection":[{"href":"https:\/\/royalfood.ch\/fr_fr\/wp-json\/wp\/v2\/product"}],"about":[{"href":"https:\/\/royalfood.ch\/fr_fr\/wp-json\/wp\/v2\/types\/product"}],"replies":[{"embeddable":true,"href":"https:\/\/royalfood.ch\/fr_fr\/wp-json\/wp\/v2\/comments?post=10419"}],"wp:attachment":[{"href":"https:\/\/royalfood.ch\/fr_fr\/wp-json\/wp\/v2\/media?parent=10419"}],"wp:term":[{"taxonomy":"product_brand","embeddable":true,"href":"https:\/\/royalfood.ch\/fr_fr\/wp-json\/wp\/v2\/product_brand?post=10419"},{"taxonomy":"product_cat","embeddable":true,"href":"https:\/\/royalfood.ch\/fr_fr\/wp-json\/wp\/v2\/product_cat?post=10419"},{"taxonomy":"product_tag","embeddable":true,"href":"https:\/\/royalfood.ch\/fr_fr\/wp-json\/wp\/v2\/product_tag?post=10419"}],"curies":[{"name":"wp","href":"https:\/\/api.w.org\/{rel}","templated":true}]}}