{"id":10402,"date":"2025-10-21T15:13:54","date_gmt":"2025-10-21T12:13:54","guid":{"rendered":"https:\/\/royalfood.ch\/?post_type=product&#038;p=10402"},"modified":"2025-10-21T15:21:20","modified_gmt":"2025-10-21T12:21:20","slug":"pizza-thaie","status":"publish","type":"product","link":"https:\/\/royalfood.ch\/fr_fr\/produit\/pizza-thaie\/","title":{"rendered":"Pizza tha\u00efe"},"content":{"rendered":"<p>Sauce tomate, mozzarella, poulet, curry, ananas<\/p>\n","protected":false},"excerpt":{"rendered":"<p>Une pizza exotique et originale qui marie douceur et \u00e9pices.\u00a0<br data-start=\"186\" data-end=\"189\" \/>Pr\u00e9par\u00e9e avec une base de sauce tomate, de mozzarella fondante, de morceaux de poulet grill\u00e9, relev\u00e9e d\u2019une touche de curry et adoucie par la fra\u00eecheur de l\u2019ananas.<br data-start=\"353\" data-end=\"356\" \/>Un m\u00e9lange sucr\u00e9-sal\u00e9 irr\u00e9sistible, inspir\u00e9 des saveurs tha\u00eflandaises \u2014 un voyage culinaire d\u00e9paysant \u00e0 chaque bouch\u00e9e.<\/p>\n","protected":false},"featured_media":0,"comment_status":"open","ping_status":"closed","template":"","meta":[],"product_brand":[191],"product_cat":[188],"product_tag":[],"class_list":{"0":"post-10402","1":"product","2":"type-product","3":"status-publish","5":"product_brand-royal-food","6":"product_cat-pizza","8":"first","9":"instock","10":"shipping-taxable","11":"purchasable","12":"product-type-variable"},"_links":{"self":[{"href":"https:\/\/royalfood.ch\/fr_fr\/wp-json\/wp\/v2\/product\/10402","targetHints":{"allow":["GET"]}}],"collection":[{"href":"https:\/\/royalfood.ch\/fr_fr\/wp-json\/wp\/v2\/product"}],"about":[{"href":"https:\/\/royalfood.ch\/fr_fr\/wp-json\/wp\/v2\/types\/product"}],"replies":[{"embeddable":true,"href":"https:\/\/royalfood.ch\/fr_fr\/wp-json\/wp\/v2\/comments?post=10402"}],"wp:attachment":[{"href":"https:\/\/royalfood.ch\/fr_fr\/wp-json\/wp\/v2\/media?parent=10402"}],"wp:term":[{"taxonomy":"product_brand","embeddable":true,"href":"https:\/\/royalfood.ch\/fr_fr\/wp-json\/wp\/v2\/product_brand?post=10402"},{"taxonomy":"product_cat","embeddable":true,"href":"https:\/\/royalfood.ch\/fr_fr\/wp-json\/wp\/v2\/product_cat?post=10402"},{"taxonomy":"product_tag","embeddable":true,"href":"https:\/\/royalfood.ch\/fr_fr\/wp-json\/wp\/v2\/product_tag?post=10402"}],"curies":[{"name":"wp","href":"https:\/\/api.w.org\/{rel}","templated":true}]}}