{"id":10392,"date":"2025-10-21T14:58:14","date_gmt":"2025-10-21T11:58:14","guid":{"rendered":"https:\/\/royalfood.ch\/?post_type=product&#038;p=10392"},"modified":"2025-10-21T15:09:41","modified_gmt":"2025-10-21T12:09:41","slug":"pizza-romana","status":"publish","type":"product","link":"https:\/\/royalfood.ch\/fr_fr\/produit\/pizza-romana\/","title":{"rendered":"Pizza romana"},"content":{"rendered":"<p>Sauce tomate, mozzarella, jambon, champignons<\/p>\n","protected":false},"excerpt":{"rendered":"<p>Un grand classique de la cuisine italienne, simple, fondant et plein de go\u00fbt.\u00a0<br data-start=\"207\" data-end=\"210\" \/>Pr\u00e9par\u00e9e avec une base de sauce tomate parfum\u00e9e, de mozzarella fondante, de jambon savoureux et de champignons frais.<br data-start=\"327\" data-end=\"330\" \/>Une combinaison parfaite entre la douceur du jambon, la richesse du fromage et la fra\u00eecheur des champignons \u2014 une pizza \u00e9quilibr\u00e9e et irr\u00e9sistible \u00e0 chaque bouch\u00e9e.<\/p>\n","protected":false},"featured_media":10397,"comment_status":"open","ping_status":"closed","template":"","meta":[],"product_brand":[191],"product_cat":[188],"product_tag":[],"class_list":{"0":"post-10392","1":"product","2":"type-product","3":"status-publish","4":"has-post-thumbnail","6":"product_brand-royal-food","7":"product_cat-pizza","9":"first","10":"instock","11":"shipping-taxable","12":"purchasable","13":"product-type-variable"},"_links":{"self":[{"href":"https:\/\/royalfood.ch\/fr_fr\/wp-json\/wp\/v2\/product\/10392","targetHints":{"allow":["GET"]}}],"collection":[{"href":"https:\/\/royalfood.ch\/fr_fr\/wp-json\/wp\/v2\/product"}],"about":[{"href":"https:\/\/royalfood.ch\/fr_fr\/wp-json\/wp\/v2\/types\/product"}],"replies":[{"embeddable":true,"href":"https:\/\/royalfood.ch\/fr_fr\/wp-json\/wp\/v2\/comments?post=10392"}],"wp:featuredmedia":[{"embeddable":true,"href":"https:\/\/royalfood.ch\/fr_fr\/wp-json\/wp\/v2\/media\/10397"}],"wp:attachment":[{"href":"https:\/\/royalfood.ch\/fr_fr\/wp-json\/wp\/v2\/media?parent=10392"}],"wp:term":[{"taxonomy":"product_brand","embeddable":true,"href":"https:\/\/royalfood.ch\/fr_fr\/wp-json\/wp\/v2\/product_brand?post=10392"},{"taxonomy":"product_cat","embeddable":true,"href":"https:\/\/royalfood.ch\/fr_fr\/wp-json\/wp\/v2\/product_cat?post=10392"},{"taxonomy":"product_tag","embeddable":true,"href":"https:\/\/royalfood.ch\/fr_fr\/wp-json\/wp\/v2\/product_tag?post=10392"}],"curies":[{"name":"wp","href":"https:\/\/api.w.org\/{rel}","templated":true}]}}