{"id":10366,"date":"2025-10-20T23:45:28","date_gmt":"2025-10-20T20:45:28","guid":{"rendered":"https:\/\/royalfood.ch\/?post_type=product&#038;p=10366"},"modified":"2025-10-20T23:45:28","modified_gmt":"2025-10-20T20:45:28","slug":"deluxe-burger-vegetarien","status":"publish","type":"product","link":"https:\/\/royalfood.ch\/fr_fr\/produit\/deluxe-burger-vegetarien\/","title":{"rendered":"Deluxe Burger v\u00e9g\u00e9tarien"},"content":{"rendered":"<p>Un burger v\u00e9g\u00e9tarien gourmet avec galette v\u00e9g\u00e9tale, fromage fondant, crudit\u00e9s fra\u00eeches et sauce au choix.<\/p>\n","protected":false},"excerpt":{"rendered":"<p>D\u00e9couvrez notre <strong data-start=\"305\" data-end=\"333\">Deluxe Burger V\u00e9g\u00e9tarien<\/strong>, une alternative gourmande et savoureuse sans viande.<br data-start=\"387\" data-end=\"390\" \/>Pr\u00e9par\u00e9 avec une galette v\u00e9g\u00e9tale fondante, du fromage, des crudit\u00e9s fra\u00eeches et une sauce au choix, le tout servi dans un pain brioch\u00e9 moelleux.<br data-start=\"535\" data-end=\"538\" \/>Un burger \u00e9quilibr\u00e9, riche en go\u00fbt et plein de fra\u00eecheur \u2014 id\u00e9al pour les amateurs de cuisine saine et g\u00e9n\u00e9reuse.<\/p>\n","protected":false},"featured_media":10367,"comment_status":"open","ping_status":"closed","template":"","meta":[],"product_brand":[191],"product_cat":[187],"product_tag":[],"class_list":{"0":"post-10366","1":"product","2":"type-product","3":"status-publish","4":"has-post-thumbnail","6":"product_brand-royal-food","7":"product_cat-vegetarien-burger","9":"first","10":"instock","11":"shipping-taxable","12":"purchasable","13":"product-type-simple"},"_links":{"self":[{"href":"https:\/\/royalfood.ch\/fr_fr\/wp-json\/wp\/v2\/product\/10366","targetHints":{"allow":["GET"]}}],"collection":[{"href":"https:\/\/royalfood.ch\/fr_fr\/wp-json\/wp\/v2\/product"}],"about":[{"href":"https:\/\/royalfood.ch\/fr_fr\/wp-json\/wp\/v2\/types\/product"}],"replies":[{"embeddable":true,"href":"https:\/\/royalfood.ch\/fr_fr\/wp-json\/wp\/v2\/comments?post=10366"}],"wp:featuredmedia":[{"embeddable":true,"href":"https:\/\/royalfood.ch\/fr_fr\/wp-json\/wp\/v2\/media\/10367"}],"wp:attachment":[{"href":"https:\/\/royalfood.ch\/fr_fr\/wp-json\/wp\/v2\/media?parent=10366"}],"wp:term":[{"taxonomy":"product_brand","embeddable":true,"href":"https:\/\/royalfood.ch\/fr_fr\/wp-json\/wp\/v2\/product_brand?post=10366"},{"taxonomy":"product_cat","embeddable":true,"href":"https:\/\/royalfood.ch\/fr_fr\/wp-json\/wp\/v2\/product_cat?post=10366"},{"taxonomy":"product_tag","embeddable":true,"href":"https:\/\/royalfood.ch\/fr_fr\/wp-json\/wp\/v2\/product_tag?post=10366"}],"curies":[{"name":"wp","href":"https:\/\/api.w.org\/{rel}","templated":true}]}}