{"id":10356,"date":"2025-10-20T22:04:31","date_gmt":"2025-10-20T19:04:31","guid":{"rendered":"https:\/\/royalfood.ch\/?post_type=product&#038;p=10356"},"modified":"2025-10-20T23:35:56","modified_gmt":"2025-10-20T20:35:56","slug":"gourmet-kebab-raclette","status":"publish","type":"product","link":"https:\/\/royalfood.ch\/fr_fr\/produit\/gourmet-kebab-raclette\/","title":{"rendered":"Gourmet kebab raclette"},"content":{"rendered":"<p>0,33l,\u00a0<span data-qa=\"text\"><span class=\"formatted-currency-style_content__VNVsV\" aria-hidden=\"false\">66,67\u00a0CHF<\/span><\/span>\/1l<\/p>\n<p>Un kebab gourmet garni de fromage raclette fondant, viande grill\u00e9e et sauce au choix.<\/p>\n","protected":false},"excerpt":{"rendered":"<p>D\u00e9couvrez notre <strong data-start=\"283\" data-end=\"309\">Gourmet Kebab Raclette<\/strong>, une sp\u00e9cialit\u00e9 g\u00e9n\u00e9reuse qui allie la tendresse de la viande grill\u00e9e au go\u00fbt fondant du fromage raclette.<br data-start=\"416\" data-end=\"419\" \/>Servi dans un pain chaud et moelleux, accompagn\u00e9 de crudit\u00e9s fra\u00eeches et d\u2019une sauce au choix, ce kebab offre un \u00e9quilibre parfait entre authenticit\u00e9, chaleur et gourmandise.<br data-start=\"593\" data-end=\"596\" \/>Un vrai r\u00e9gal pour les amateurs de fromage et de saveurs montagnardes.<\/p>\n","protected":false},"featured_media":0,"comment_status":"open","ping_status":"closed","template":"","meta":[],"product_brand":[191],"product_cat":[186],"product_tag":[],"class_list":{"0":"post-10356","1":"product","2":"type-product","3":"status-publish","5":"product_brand-royal-food","6":"product_cat-gourmet-kebab-sandwich","8":"first","9":"instock","10":"shipping-taxable","11":"purchasable","12":"product-type-simple"},"_links":{"self":[{"href":"https:\/\/royalfood.ch\/fr_fr\/wp-json\/wp\/v2\/product\/10356","targetHints":{"allow":["GET"]}}],"collection":[{"href":"https:\/\/royalfood.ch\/fr_fr\/wp-json\/wp\/v2\/product"}],"about":[{"href":"https:\/\/royalfood.ch\/fr_fr\/wp-json\/wp\/v2\/types\/product"}],"replies":[{"embeddable":true,"href":"https:\/\/royalfood.ch\/fr_fr\/wp-json\/wp\/v2\/comments?post=10356"}],"wp:attachment":[{"href":"https:\/\/royalfood.ch\/fr_fr\/wp-json\/wp\/v2\/media?parent=10356"}],"wp:term":[{"taxonomy":"product_brand","embeddable":true,"href":"https:\/\/royalfood.ch\/fr_fr\/wp-json\/wp\/v2\/product_brand?post=10356"},{"taxonomy":"product_cat","embeddable":true,"href":"https:\/\/royalfood.ch\/fr_fr\/wp-json\/wp\/v2\/product_cat?post=10356"},{"taxonomy":"product_tag","embeddable":true,"href":"https:\/\/royalfood.ch\/fr_fr\/wp-json\/wp\/v2\/product_tag?post=10356"}],"curies":[{"name":"wp","href":"https:\/\/api.w.org\/{rel}","templated":true}]}}