{"id":10349,"date":"2025-10-20T21:30:03","date_gmt":"2025-10-20T18:30:03","guid":{"rendered":"https:\/\/royalfood.ch\/?post_type=product&#038;p=10349"},"modified":"2025-10-20T21:34:03","modified_gmt":"2025-10-20T18:34:03","slug":"gourmet-durum-avocado","status":"publish","type":"product","link":"https:\/\/royalfood.ch\/fr_fr\/produit\/gourmet-durum-avocado\/","title":{"rendered":"Gourmet d\u00fcr\u00fcm avocado"},"content":{"rendered":"<h3 class=\"_50YZr _3hlni list-item-content-style_item-heading__kewGu\" data-qa=\"heading\">0,33l,\u00a0<span data-qa=\"text\"><span class=\"formatted-currency-style_content__VNVsV\" aria-hidden=\"false\">66,67\u00a0CHF<\/span><\/span>\/1l<\/h3>\n<p>Un d\u00fcr\u00fcm frais et gourmand garni de viande grill\u00e9e, avocat, crudit\u00e9s et sauce au choix.<\/p>\n","protected":false},"excerpt":{"rendered":"<p>D\u00e9couvrez notre <strong data-start=\"284\" data-end=\"309\">Gourmet D\u00fcr\u00fcm Avocado<\/strong>, une cr\u00e9ation moderne et savoureuse m\u00ealant douceur et fra\u00eecheur.<br data-start=\"374\" data-end=\"377\" \/>Pr\u00e9par\u00e9 avec de la viande grill\u00e9e tendre, de l\u2019avocat cr\u00e9meux, des crudit\u00e9s fra\u00eeches et une sauce au choix, le tout roul\u00e9 dans un pain chaud et moelleux.<br data-start=\"530\" data-end=\"533\" \/>Un \u00e9quilibre parfait entre onctuosit\u00e9, l\u00e9g\u00e8ret\u00e9 et saveurs exotiques \u2014 un vrai plaisir healthy et gourmand!<\/p>\n","protected":false},"featured_media":0,"comment_status":"open","ping_status":"closed","template":"","meta":[],"product_brand":[191],"product_cat":[185],"product_tag":[],"class_list":{"0":"post-10349","1":"product","2":"type-product","3":"status-publish","5":"product_brand-royal-food","6":"product_cat-gourmet-double-durum","8":"first","9":"instock","10":"shipping-taxable","11":"purchasable","12":"product-type-simple"},"_links":{"self":[{"href":"https:\/\/royalfood.ch\/fr_fr\/wp-json\/wp\/v2\/product\/10349","targetHints":{"allow":["GET"]}}],"collection":[{"href":"https:\/\/royalfood.ch\/fr_fr\/wp-json\/wp\/v2\/product"}],"about":[{"href":"https:\/\/royalfood.ch\/fr_fr\/wp-json\/wp\/v2\/types\/product"}],"replies":[{"embeddable":true,"href":"https:\/\/royalfood.ch\/fr_fr\/wp-json\/wp\/v2\/comments?post=10349"}],"wp:attachment":[{"href":"https:\/\/royalfood.ch\/fr_fr\/wp-json\/wp\/v2\/media?parent=10349"}],"wp:term":[{"taxonomy":"product_brand","embeddable":true,"href":"https:\/\/royalfood.ch\/fr_fr\/wp-json\/wp\/v2\/product_brand?post=10349"},{"taxonomy":"product_cat","embeddable":true,"href":"https:\/\/royalfood.ch\/fr_fr\/wp-json\/wp\/v2\/product_cat?post=10349"},{"taxonomy":"product_tag","embeddable":true,"href":"https:\/\/royalfood.ch\/fr_fr\/wp-json\/wp\/v2\/product_tag?post=10349"}],"curies":[{"name":"wp","href":"https:\/\/api.w.org\/{rel}","templated":true}]}}