{"id":10347,"date":"2025-10-20T21:25:18","date_gmt":"2025-10-20T18:25:18","guid":{"rendered":"https:\/\/royalfood.ch\/?post_type=product&#038;p=10347"},"modified":"2025-10-20T21:27:27","modified_gmt":"2025-10-20T18:27:27","slug":"gourmet-durum-mozzarella","status":"publish","type":"product","link":"https:\/\/royalfood.ch\/fr_fr\/produit\/gourmet-durum-mozzarella\/","title":{"rendered":"Gourmet D\u00fcr\u00fcm Mozzarella"},"content":{"rendered":"<h3 class=\"_50YZr _3hlni list-item-content-style_item-heading__kewGu\" data-qa=\"heading\">0,33l,\u00a0<span data-qa=\"text\"><span class=\"formatted-currency-style_content__VNVsV\" aria-hidden=\"false\">66,67\u00a0CHF<\/span><\/span>\/1l<\/h3>\n<p>Un d\u00fcr\u00fcm gourmand garni de viande grill\u00e9e, mozzarella fondante, crudit\u00e9s et sauce au choix.<\/p>\n","protected":false},"excerpt":{"rendered":"<p>D\u00e9couvrez notre <strong data-start=\"291\" data-end=\"319\">Gourmet D\u00fcr\u00fcm Mozzarella<\/strong>, un m\u00e9lange irr\u00e9sistible de viande grill\u00e9e tendre et de mozzarella fondante.<br data-start=\"396\" data-end=\"399\" \/>Envelopp\u00e9 dans un pain chaud et moelleux, garni de crudit\u00e9s fra\u00eeches et d\u2019une sauce au choix, ce d\u00fcr\u00fcm allie onctuosit\u00e9, fra\u00eecheur et saveur italienne.<br data-start=\"550\" data-end=\"553\" \/>Un plaisir fondant et g\u00e9n\u00e9reux qui ravira tous les amateurs de fromage !<\/p>\n","protected":false},"featured_media":0,"comment_status":"open","ping_status":"closed","template":"","meta":[],"product_brand":[191],"product_cat":[185],"product_tag":[],"class_list":{"0":"post-10347","1":"product","2":"type-product","3":"status-publish","5":"product_brand-royal-food","6":"product_cat-gourmet-double-durum","8":"first","9":"instock","10":"shipping-taxable","11":"purchasable","12":"product-type-simple"},"_links":{"self":[{"href":"https:\/\/royalfood.ch\/fr_fr\/wp-json\/wp\/v2\/product\/10347","targetHints":{"allow":["GET"]}}],"collection":[{"href":"https:\/\/royalfood.ch\/fr_fr\/wp-json\/wp\/v2\/product"}],"about":[{"href":"https:\/\/royalfood.ch\/fr_fr\/wp-json\/wp\/v2\/types\/product"}],"replies":[{"embeddable":true,"href":"https:\/\/royalfood.ch\/fr_fr\/wp-json\/wp\/v2\/comments?post=10347"}],"wp:attachment":[{"href":"https:\/\/royalfood.ch\/fr_fr\/wp-json\/wp\/v2\/media?parent=10347"}],"wp:term":[{"taxonomy":"product_brand","embeddable":true,"href":"https:\/\/royalfood.ch\/fr_fr\/wp-json\/wp\/v2\/product_brand?post=10347"},{"taxonomy":"product_cat","embeddable":true,"href":"https:\/\/royalfood.ch\/fr_fr\/wp-json\/wp\/v2\/product_cat?post=10347"},{"taxonomy":"product_tag","embeddable":true,"href":"https:\/\/royalfood.ch\/fr_fr\/wp-json\/wp\/v2\/product_tag?post=10347"}],"curies":[{"name":"wp","href":"https:\/\/api.w.org\/{rel}","templated":true}]}}