{"id":10315,"date":"2025-10-20T16:03:39","date_gmt":"2025-10-20T13:03:39","guid":{"rendered":"https:\/\/royalfood.ch\/?post_type=product&#038;p=10315"},"modified":"2025-10-20T16:04:56","modified_gmt":"2025-10-20T13:04:56","slug":"gourmet-durum-gruyere","status":"publish","type":"product","link":"https:\/\/royalfood.ch\/fr_fr\/produit\/gourmet-durum-gruyere\/","title":{"rendered":"Gourmet d\u00fcr\u00fcm gruy\u00e8re"},"content":{"rendered":"<h3 class=\"_50YZr _3hlni list-item-content-style_item-heading__kewGu\" data-qa=\"heading\">0,33l,\u00a0<span data-qa=\"text\"><span class=\"formatted-currency-style_content__VNVsV\" aria-hidden=\"false\">66,67\u00a0CHF<\/span><\/span>\/1l<\/h3>\n<p>Un d\u00fcr\u00fcm savoureux garni de viande grill\u00e9e, fromage gruy\u00e8re fondant, crudit\u00e9s et sauce au choix.<\/p>\n","protected":false},"excerpt":{"rendered":"<p>D\u00e9couvrez notre <strong data-start=\"293\" data-end=\"318\">Gourmet D\u00fcr\u00fcm Gruy\u00e8re<\/strong>, une fusion parfaite entre la tendresse de la viande grill\u00e9e et la richesse du fromage gruy\u00e8re suisse. \ud83c\udde8\ud83c\udded<br data-start=\"426\" data-end=\"429\" \/>Enroul\u00e9 dans un pain chaud et moelleux, accompagn\u00e9 de crudit\u00e9s fra\u00eeches et d\u2019une sauce au choix, ce d\u00fcr\u00fcm offre une exp\u00e9rience fondante et gourmande.<br data-start=\"578\" data-end=\"581\" \/>Un classique revisit\u00e9, alliant authenticit\u00e9 et saveur alpine.<\/p>\n","protected":false},"featured_media":0,"comment_status":"open","ping_status":"closed","template":"","meta":[],"product_brand":[191],"product_cat":[185],"product_tag":[],"class_list":{"0":"post-10315","1":"product","2":"type-product","3":"status-publish","5":"product_brand-royal-food","6":"product_cat-gourmet-double-durum","8":"first","9":"instock","10":"shipping-taxable","11":"purchasable","12":"product-type-simple"},"_links":{"self":[{"href":"https:\/\/royalfood.ch\/fr_fr\/wp-json\/wp\/v2\/product\/10315","targetHints":{"allow":["GET"]}}],"collection":[{"href":"https:\/\/royalfood.ch\/fr_fr\/wp-json\/wp\/v2\/product"}],"about":[{"href":"https:\/\/royalfood.ch\/fr_fr\/wp-json\/wp\/v2\/types\/product"}],"replies":[{"embeddable":true,"href":"https:\/\/royalfood.ch\/fr_fr\/wp-json\/wp\/v2\/comments?post=10315"}],"wp:attachment":[{"href":"https:\/\/royalfood.ch\/fr_fr\/wp-json\/wp\/v2\/media?parent=10315"}],"wp:term":[{"taxonomy":"product_brand","embeddable":true,"href":"https:\/\/royalfood.ch\/fr_fr\/wp-json\/wp\/v2\/product_brand?post=10315"},{"taxonomy":"product_cat","embeddable":true,"href":"https:\/\/royalfood.ch\/fr_fr\/wp-json\/wp\/v2\/product_cat?post=10315"},{"taxonomy":"product_tag","embeddable":true,"href":"https:\/\/royalfood.ch\/fr_fr\/wp-json\/wp\/v2\/product_tag?post=10315"}],"curies":[{"name":"wp","href":"https:\/\/api.w.org\/{rel}","templated":true}]}}