{"id":10313,"date":"2025-10-20T15:57:36","date_gmt":"2025-10-20T12:57:36","guid":{"rendered":"https:\/\/royalfood.ch\/?post_type=product&#038;p=10313"},"modified":"2025-10-20T15:59:38","modified_gmt":"2025-10-20T12:59:38","slug":"gourmet-durum-raclette","status":"publish","type":"product","link":"https:\/\/royalfood.ch\/fr_fr\/produit\/gourmet-durum-raclette\/","title":{"rendered":"Gourmet D\u00fcr\u00fcm Raclette"},"content":{"rendered":"<h3 class=\"_50YZr _3hlni list-item-content-style_item-heading__kewGu\" data-qa=\"heading\">0,33l,\u00a0<span data-qa=\"text\"><span class=\"formatted-currency-style_content__VNVsV\" aria-hidden=\"false\">66,67\u00a0CHF<\/span><\/span>\/1l<\/h3>\n<p>Un d\u00fcr\u00fcm gourmand au fromage raclette fondant, viande grill\u00e9e, crudit\u00e9s et sauce au choix.<\/p>\n","protected":false},"excerpt":{"rendered":"<p>D\u00e9couvrez notre <strong data-start=\"291\" data-end=\"317\">Gourmet D\u00fcr\u00fcm Raclette<\/strong>, une sp\u00e9cialit\u00e9 g\u00e9n\u00e9reuse qui marie la tendresse de la viande grill\u00e9e au go\u00fbt fondant du fromage raclette.<br data-start=\"424\" data-end=\"427\" \/>Envelopp\u00e9 dans un pain moelleux avec des crudit\u00e9s fra\u00eeches et une sauce au choix, ce d\u00fcr\u00fcm offre une exp\u00e9rience riche et savoureuse.<br data-start=\"559\" data-end=\"562\" \/>Un vrai plaisir fondant pour les amateurs de fromage et de gourmandise !<\/p>\n","protected":false},"featured_media":0,"comment_status":"open","ping_status":"closed","template":"","meta":[],"product_brand":[191],"product_cat":[185],"product_tag":[],"class_list":{"0":"post-10313","1":"product","2":"type-product","3":"status-publish","5":"product_brand-royal-food","6":"product_cat-gourmet-double-durum","8":"first","9":"instock","10":"shipping-taxable","11":"purchasable","12":"product-type-simple"},"_links":{"self":[{"href":"https:\/\/royalfood.ch\/fr_fr\/wp-json\/wp\/v2\/product\/10313","targetHints":{"allow":["GET"]}}],"collection":[{"href":"https:\/\/royalfood.ch\/fr_fr\/wp-json\/wp\/v2\/product"}],"about":[{"href":"https:\/\/royalfood.ch\/fr_fr\/wp-json\/wp\/v2\/types\/product"}],"replies":[{"embeddable":true,"href":"https:\/\/royalfood.ch\/fr_fr\/wp-json\/wp\/v2\/comments?post=10313"}],"wp:attachment":[{"href":"https:\/\/royalfood.ch\/fr_fr\/wp-json\/wp\/v2\/media?parent=10313"}],"wp:term":[{"taxonomy":"product_brand","embeddable":true,"href":"https:\/\/royalfood.ch\/fr_fr\/wp-json\/wp\/v2\/product_brand?post=10313"},{"taxonomy":"product_cat","embeddable":true,"href":"https:\/\/royalfood.ch\/fr_fr\/wp-json\/wp\/v2\/product_cat?post=10313"},{"taxonomy":"product_tag","embeddable":true,"href":"https:\/\/royalfood.ch\/fr_fr\/wp-json\/wp\/v2\/product_tag?post=10313"}],"curies":[{"name":"wp","href":"https:\/\/api.w.org\/{rel}","templated":true}]}}