{"id":10306,"date":"2025-10-20T14:14:30","date_gmt":"2025-10-20T11:14:30","guid":{"rendered":"https:\/\/royalfood.ch\/?post_type=product&#038;p=10306"},"modified":"2025-11-11T19:39:58","modified_gmt":"2025-11-11T16:39:58","slug":"box-calamars","status":"publish","type":"product","link":"https:\/\/royalfood.ch\/fr_fr\/produit\/box-calamars\/","title":{"rendered":"Box Calamars"},"content":{"rendered":"<p>Une box savoureuse de calamars dor\u00e9s, servie avec des frites et une sauce au choix.<\/p>\n","protected":false},"excerpt":{"rendered":"<p>Savourez notre <strong data-start=\"270\" data-end=\"286\">Box Calamars<\/strong>, compos\u00e9e de calamars tendres et croustillants, accompagn\u00e9s de frites dor\u00e9es et d\u2019une sauce au choix.<br data-start=\"388\" data-end=\"391\" \/>Un repas pratique et plein de fra\u00eecheur, id\u00e9al pour les amateurs de fruits de mer et de saveurs l\u00e9g\u00e8res.<br data-start=\"495\" data-end=\"498\" \/>Un vrai plaisir \u00e0 d\u00e9guster \u00e0 tout moment de la journ\u00e9e !<\/p>\n","protected":false},"featured_media":0,"comment_status":"open","ping_status":"closed","template":"","meta":[],"product_brand":[191],"product_cat":[184],"product_tag":[],"class_list":{"0":"post-10306","1":"product","2":"type-product","3":"status-publish","5":"product_brand-royal-food","6":"product_cat-box","8":"first","9":"instock","10":"shipping-taxable","11":"purchasable","12":"product-type-simple"},"_links":{"self":[{"href":"https:\/\/royalfood.ch\/fr_fr\/wp-json\/wp\/v2\/product\/10306","targetHints":{"allow":["GET"]}}],"collection":[{"href":"https:\/\/royalfood.ch\/fr_fr\/wp-json\/wp\/v2\/product"}],"about":[{"href":"https:\/\/royalfood.ch\/fr_fr\/wp-json\/wp\/v2\/types\/product"}],"replies":[{"embeddable":true,"href":"https:\/\/royalfood.ch\/fr_fr\/wp-json\/wp\/v2\/comments?post=10306"}],"wp:attachment":[{"href":"https:\/\/royalfood.ch\/fr_fr\/wp-json\/wp\/v2\/media?parent=10306"}],"wp:term":[{"taxonomy":"product_brand","embeddable":true,"href":"https:\/\/royalfood.ch\/fr_fr\/wp-json\/wp\/v2\/product_brand?post=10306"},{"taxonomy":"product_cat","embeddable":true,"href":"https:\/\/royalfood.ch\/fr_fr\/wp-json\/wp\/v2\/product_cat?post=10306"},{"taxonomy":"product_tag","embeddable":true,"href":"https:\/\/royalfood.ch\/fr_fr\/wp-json\/wp\/v2\/product_tag?post=10306"}],"curies":[{"name":"wp","href":"https:\/\/api.w.org\/{rel}","templated":true}]}}