{"id":10300,"date":"2025-10-20T13:41:04","date_gmt":"2025-10-20T10:41:04","guid":{"rendered":"https:\/\/royalfood.ch\/?post_type=product&#038;p=10300"},"modified":"2025-10-20T13:41:38","modified_gmt":"2025-10-20T10:41:38","slug":"lahmacun-kebab-poulet-maison","status":"publish","type":"product","link":"https:\/\/royalfood.ch\/fr_fr\/produit\/lahmacun-kebab-poulet-maison\/","title":{"rendered":"Lahmacun Kebab Poulet (Maison)"},"content":{"rendered":"<p>Un lahmacun maison garni de poulet grill\u00e9, de crudit\u00e9s fra\u00eeches et d\u2019une sauce au choix.<\/p>\n","protected":false},"excerpt":{"rendered":"<p>Savourez notre <strong data-start=\"293\" data-end=\"327\">Lahmacun Kebab Poulet (Maison)<\/strong>, une cr\u00e9ation maison alliant le go\u00fbt unique du lahmacun traditionnel et la tendresse du poulet grill\u00e9.<br data-start=\"430\" data-end=\"433\" \/>Pr\u00e9par\u00e9 avec un lahmacun fait maison \u00e0 la p\u00e2te fine et croustillante, garni de poulet marin\u00e9, de crudit\u00e9s fra\u00eeches et d\u2019une sauce au choix.<br data-start=\"572\" data-end=\"575\" \/>Un plat g\u00e9n\u00e9reux et plein de saveurs, parfait pour une pause orientale gourmande.<\/p>\n","protected":false},"featured_media":0,"comment_status":"open","ping_status":"closed","template":"","meta":[],"product_brand":[191],"product_cat":[183],"product_tag":[],"class_list":{"0":"post-10300","1":"product","2":"type-product","3":"status-publish","5":"product_brand-royal-food","6":"product_cat-kebap","8":"first","9":"instock","10":"shipping-taxable","11":"purchasable","12":"product-type-simple"},"_links":{"self":[{"href":"https:\/\/royalfood.ch\/fr_fr\/wp-json\/wp\/v2\/product\/10300","targetHints":{"allow":["GET"]}}],"collection":[{"href":"https:\/\/royalfood.ch\/fr_fr\/wp-json\/wp\/v2\/product"}],"about":[{"href":"https:\/\/royalfood.ch\/fr_fr\/wp-json\/wp\/v2\/types\/product"}],"replies":[{"embeddable":true,"href":"https:\/\/royalfood.ch\/fr_fr\/wp-json\/wp\/v2\/comments?post=10300"}],"wp:attachment":[{"href":"https:\/\/royalfood.ch\/fr_fr\/wp-json\/wp\/v2\/media?parent=10300"}],"wp:term":[{"taxonomy":"product_brand","embeddable":true,"href":"https:\/\/royalfood.ch\/fr_fr\/wp-json\/wp\/v2\/product_brand?post=10300"},{"taxonomy":"product_cat","embeddable":true,"href":"https:\/\/royalfood.ch\/fr_fr\/wp-json\/wp\/v2\/product_cat?post=10300"},{"taxonomy":"product_tag","embeddable":true,"href":"https:\/\/royalfood.ch\/fr_fr\/wp-json\/wp\/v2\/product_tag?post=10300"}],"curies":[{"name":"wp","href":"https:\/\/api.w.org\/{rel}","templated":true}]}}