{"id":10298,"date":"2025-10-20T13:17:08","date_gmt":"2025-10-20T10:17:08","guid":{"rendered":"https:\/\/royalfood.ch\/?post_type=product&#038;p=10298"},"modified":"2025-10-20T13:18:48","modified_gmt":"2025-10-20T10:18:48","slug":"lahmacun-durum-maison","status":"publish","type":"product","link":"https:\/\/royalfood.ch\/fr_fr\/produit\/lahmacun-durum-maison\/","title":{"rendered":"Lahmacun d\u00fcr\u00fcm (maison)"},"content":{"rendered":"<p>Un d\u00fcr\u00fcm maison garni de lahmacun frais, roul\u00e9 avec crudit\u00e9s et sauce au choix.<\/p>\n","protected":false},"excerpt":{"rendered":"<p>Savourez notre <strong data-start=\"277\" data-end=\"304\">Lahmacun D\u00fcr\u00fcm (Maison)<\/strong>, pr\u00e9par\u00e9 avec un lahmacun fait maison \u00e0 la p\u00e2te fine et croustillante, garni d\u2019un m\u00e9lange savoureux de viande hach\u00e9e, d\u2019herbes et d\u2019\u00e9pices.<br data-start=\"444\" data-end=\"447\" \/>Enroul\u00e9 avec des crudit\u00e9s fra\u00eeches et une sauce au choix, ce d\u00fcr\u00fcm offre un go\u00fbt authentique et g\u00e9n\u00e9reux de la cuisine orientale.<br data-start=\"576\" data-end=\"579\" \/>Une explosion de saveurs dans un format pratique et gourmand !<\/p>\n","protected":false},"featured_media":0,"comment_status":"open","ping_status":"closed","template":"","meta":[],"product_brand":[191],"product_cat":[183],"product_tag":[],"class_list":{"0":"post-10298","1":"product","2":"type-product","3":"status-publish","5":"product_brand-royal-food","6":"product_cat-kebap","8":"first","9":"instock","10":"shipping-taxable","11":"purchasable","12":"product-type-simple"},"_links":{"self":[{"href":"https:\/\/royalfood.ch\/fr_fr\/wp-json\/wp\/v2\/product\/10298","targetHints":{"allow":["GET"]}}],"collection":[{"href":"https:\/\/royalfood.ch\/fr_fr\/wp-json\/wp\/v2\/product"}],"about":[{"href":"https:\/\/royalfood.ch\/fr_fr\/wp-json\/wp\/v2\/types\/product"}],"replies":[{"embeddable":true,"href":"https:\/\/royalfood.ch\/fr_fr\/wp-json\/wp\/v2\/comments?post=10298"}],"wp:attachment":[{"href":"https:\/\/royalfood.ch\/fr_fr\/wp-json\/wp\/v2\/media?parent=10298"}],"wp:term":[{"taxonomy":"product_brand","embeddable":true,"href":"https:\/\/royalfood.ch\/fr_fr\/wp-json\/wp\/v2\/product_brand?post=10298"},{"taxonomy":"product_cat","embeddable":true,"href":"https:\/\/royalfood.ch\/fr_fr\/wp-json\/wp\/v2\/product_cat?post=10298"},{"taxonomy":"product_tag","embeddable":true,"href":"https:\/\/royalfood.ch\/fr_fr\/wp-json\/wp\/v2\/product_tag?post=10298"}],"curies":[{"name":"wp","href":"https:\/\/api.w.org\/{rel}","templated":true}]}}