{"id":10293,"date":"2025-10-20T13:04:30","date_gmt":"2025-10-20T10:04:30","guid":{"rendered":"https:\/\/royalfood.ch\/?post_type=product&#038;p=10293"},"modified":"2025-10-20T13:05:25","modified_gmt":"2025-10-20T10:05:25","slug":"chicken-nuggets-box","status":"publish","type":"product","link":"https:\/\/royalfood.ch\/fr_fr\/produit\/chicken-nuggets-box\/","title":{"rendered":"Chicken nuggets box"},"content":{"rendered":"<p>Une box croustillante de nuggets de poulet, servie avec des frites et une sauce au choix.<\/p>\n","protected":false},"excerpt":{"rendered":"<p>D\u00e9couvrez notre <strong data-start=\"284\" data-end=\"307\">Chicken Nuggets Box<\/strong>, compos\u00e9e de d\u00e9licieux nuggets de poulet dor\u00e9s et croustillants, accompagn\u00e9s de frites croustillantes et d\u2019une sauce au choix.<br data-start=\"434\" data-end=\"437\" \/>Un repas gourmand, pratique et plein de plaisir \u2014 parfait pour petits et grands !<\/p>\n","protected":false},"featured_media":0,"comment_status":"open","ping_status":"closed","template":"","meta":[],"product_brand":[191],"product_cat":[183],"product_tag":[],"class_list":{"0":"post-10293","1":"product","2":"type-product","3":"status-publish","5":"product_brand-royal-food","6":"product_cat-kebap","8":"first","9":"instock","10":"shipping-taxable","11":"purchasable","12":"product-type-simple"},"_links":{"self":[{"href":"https:\/\/royalfood.ch\/fr_fr\/wp-json\/wp\/v2\/product\/10293","targetHints":{"allow":["GET"]}}],"collection":[{"href":"https:\/\/royalfood.ch\/fr_fr\/wp-json\/wp\/v2\/product"}],"about":[{"href":"https:\/\/royalfood.ch\/fr_fr\/wp-json\/wp\/v2\/types\/product"}],"replies":[{"embeddable":true,"href":"https:\/\/royalfood.ch\/fr_fr\/wp-json\/wp\/v2\/comments?post=10293"}],"wp:attachment":[{"href":"https:\/\/royalfood.ch\/fr_fr\/wp-json\/wp\/v2\/media?parent=10293"}],"wp:term":[{"taxonomy":"product_brand","embeddable":true,"href":"https:\/\/royalfood.ch\/fr_fr\/wp-json\/wp\/v2\/product_brand?post=10293"},{"taxonomy":"product_cat","embeddable":true,"href":"https:\/\/royalfood.ch\/fr_fr\/wp-json\/wp\/v2\/product_cat?post=10293"},{"taxonomy":"product_tag","embeddable":true,"href":"https:\/\/royalfood.ch\/fr_fr\/wp-json\/wp\/v2\/product_tag?post=10293"}],"curies":[{"name":"wp","href":"https:\/\/api.w.org\/{rel}","templated":true}]}}