{"id":10289,"date":"2025-10-20T12:32:04","date_gmt":"2025-10-20T09:32:04","guid":{"rendered":"https:\/\/royalfood.ch\/?post_type=product&#038;p=10289"},"modified":"2025-10-20T12:32:41","modified_gmt":"2025-10-20T09:32:41","slug":"doner-box-agneau","status":"publish","type":"product","link":"https:\/\/royalfood.ch\/fr_fr\/produit\/doner-box-agneau\/","title":{"rendered":"Doner box agneau"},"content":{"rendered":"<p>Une box gourmande d\u2019agneau grill\u00e9 servie avec des frites croustillantes et une sauce au choix.<\/p>\n","protected":false},"excerpt":{"rendered":"<p>Savourez notre <strong data-start=\"285\" data-end=\"305\">Doner Box Agneau<\/strong>, compos\u00e9e de d\u00e9licieuses tranches d\u2019agneau grill\u00e9 \u00e0 la perfection, accompagn\u00e9es de frites dor\u00e9es et d\u2019une sauce savoureuse de votre choix.<br data-start=\"444\" data-end=\"447\" \/>Un repas pratique, copieux et plein de go\u00fbt, parfait \u00e0 emporter ou \u00e0 d\u00e9guster sur le pouce.<br data-start=\"538\" data-end=\"541\" \/>L\u2019alliance id\u00e9ale entre tendresse, croustillant et plaisir.<\/p>\n","protected":false},"featured_media":0,"comment_status":"open","ping_status":"closed","template":"","meta":[],"product_brand":[191],"product_cat":[183],"product_tag":[],"class_list":{"0":"post-10289","1":"product","2":"type-product","3":"status-publish","5":"product_brand-royal-food","6":"product_cat-kebap","8":"first","9":"instock","10":"shipping-taxable","11":"purchasable","12":"product-type-simple"},"_links":{"self":[{"href":"https:\/\/royalfood.ch\/fr_fr\/wp-json\/wp\/v2\/product\/10289","targetHints":{"allow":["GET"]}}],"collection":[{"href":"https:\/\/royalfood.ch\/fr_fr\/wp-json\/wp\/v2\/product"}],"about":[{"href":"https:\/\/royalfood.ch\/fr_fr\/wp-json\/wp\/v2\/types\/product"}],"replies":[{"embeddable":true,"href":"https:\/\/royalfood.ch\/fr_fr\/wp-json\/wp\/v2\/comments?post=10289"}],"wp:attachment":[{"href":"https:\/\/royalfood.ch\/fr_fr\/wp-json\/wp\/v2\/media?parent=10289"}],"wp:term":[{"taxonomy":"product_brand","embeddable":true,"href":"https:\/\/royalfood.ch\/fr_fr\/wp-json\/wp\/v2\/product_brand?post=10289"},{"taxonomy":"product_cat","embeddable":true,"href":"https:\/\/royalfood.ch\/fr_fr\/wp-json\/wp\/v2\/product_cat?post=10289"},{"taxonomy":"product_tag","embeddable":true,"href":"https:\/\/royalfood.ch\/fr_fr\/wp-json\/wp\/v2\/product_tag?post=10289"}],"curies":[{"name":"wp","href":"https:\/\/api.w.org\/{rel}","templated":true}]}}