{"id":10287,"date":"2025-10-18T22:47:32","date_gmt":"2025-10-18T19:47:32","guid":{"rendered":"https:\/\/royalfood.ch\/?post_type=product&#038;p=10287"},"modified":"2025-10-18T22:48:07","modified_gmt":"2025-10-18T19:48:07","slug":"sandwich-brochette-agneau-grillee","status":"publish","type":"product","link":"https:\/\/royalfood.ch\/fr_fr\/produit\/sandwich-brochette-agneau-grillee\/","title":{"rendered":"Sandwich brochette Agneau grill\u00e9e"},"content":{"rendered":"<p>Un sandwich savoureux garni de brochettes d\u2019agneau grill\u00e9es, de crudit\u00e9s fra\u00eeches et d\u2019une sauce au choix.<\/p>\n","protected":false},"excerpt":{"rendered":"<p>Savourez notre <strong data-start=\"316\" data-end=\"355\">Sandwich Brochette d\u2019Agneau Grill\u00e9e<\/strong>, pr\u00e9par\u00e9 avec de tendres morceaux d\u2019agneau grill\u00e9s \u00e0 la perfection.<br data-start=\"423\" data-end=\"426\" \/>Servi dans un pain chaud et moelleux, garni de crudit\u00e9s fra\u00eeches et accompagn\u00e9 d\u2019une sauce au choix, ce sandwich offre un go\u00fbt authentique et g\u00e9n\u00e9reux.<br data-start=\"577\" data-end=\"580\" \/>Un vrai d\u00e9lice pour les amateurs de grillades et de saveurs orientales.<\/p>\n","protected":false},"featured_media":0,"comment_status":"open","ping_status":"closed","template":"","meta":[],"product_brand":[191],"product_cat":[183],"product_tag":[],"class_list":{"0":"post-10287","1":"product","2":"type-product","3":"status-publish","5":"product_brand-royal-food","6":"product_cat-kebap","8":"first","9":"instock","10":"shipping-taxable","11":"purchasable","12":"product-type-simple"},"_links":{"self":[{"href":"https:\/\/royalfood.ch\/fr_fr\/wp-json\/wp\/v2\/product\/10287","targetHints":{"allow":["GET"]}}],"collection":[{"href":"https:\/\/royalfood.ch\/fr_fr\/wp-json\/wp\/v2\/product"}],"about":[{"href":"https:\/\/royalfood.ch\/fr_fr\/wp-json\/wp\/v2\/types\/product"}],"replies":[{"embeddable":true,"href":"https:\/\/royalfood.ch\/fr_fr\/wp-json\/wp\/v2\/comments?post=10287"}],"wp:attachment":[{"href":"https:\/\/royalfood.ch\/fr_fr\/wp-json\/wp\/v2\/media?parent=10287"}],"wp:term":[{"taxonomy":"product_brand","embeddable":true,"href":"https:\/\/royalfood.ch\/fr_fr\/wp-json\/wp\/v2\/product_brand?post=10287"},{"taxonomy":"product_cat","embeddable":true,"href":"https:\/\/royalfood.ch\/fr_fr\/wp-json\/wp\/v2\/product_cat?post=10287"},{"taxonomy":"product_tag","embeddable":true,"href":"https:\/\/royalfood.ch\/fr_fr\/wp-json\/wp\/v2\/product_tag?post=10287"}],"curies":[{"name":"wp","href":"https:\/\/api.w.org\/{rel}","templated":true}]}}