{"id":10286,"date":"2025-10-18T22:44:54","date_gmt":"2025-10-18T19:44:54","guid":{"rendered":"https:\/\/royalfood.ch\/?post_type=product&#038;p=10286"},"modified":"2025-10-18T22:46:42","modified_gmt":"2025-10-18T19:46:42","slug":"sandwich-falafel","status":"publish","type":"product","link":"https:\/\/royalfood.ch\/fr_fr\/produit\/sandwich-falafel\/","title":{"rendered":"Sandwich falafel"},"content":{"rendered":"<p>Un sandwich v\u00e9g\u00e9tarien garni de falafels croustillants, de crudit\u00e9s fra\u00eeches et d\u2019une sauce savoureuse.<\/p>\n","protected":false},"excerpt":{"rendered":"<p>D\u00e9couvrez notre <strong data-start=\"295\" data-end=\"315\">Sandwich Falafel<\/strong>, une option 100 % v\u00e9g\u00e9tarienne, saine et pleine de saveurs.<br data-start=\"375\" data-end=\"378\" \/>Pr\u00e9par\u00e9 avec des falafels dor\u00e9s et croustillants, accompagn\u00e9s de crudit\u00e9s fra\u00eeches et d\u2019une sauce onctueuse au choix, le tout servi dans un pain chaud et moelleux.<br data-start=\"541\" data-end=\"544\" \/>Un m\u00e9lange parfait entre l\u00e9g\u00e8ret\u00e9, fra\u00eecheur et gourmandise \u2014 id\u00e9al pour une pause savoureuse \u00e0 tout moment.<\/p>\n","protected":false},"featured_media":0,"comment_status":"open","ping_status":"closed","template":"","meta":[],"product_brand":[191],"product_cat":[183],"product_tag":[],"class_list":{"0":"post-10286","1":"product","2":"type-product","3":"status-publish","5":"product_brand-royal-food","6":"product_cat-kebap","8":"first","9":"instock","10":"shipping-taxable","11":"purchasable","12":"product-type-simple"},"_links":{"self":[{"href":"https:\/\/royalfood.ch\/fr_fr\/wp-json\/wp\/v2\/product\/10286","targetHints":{"allow":["GET"]}}],"collection":[{"href":"https:\/\/royalfood.ch\/fr_fr\/wp-json\/wp\/v2\/product"}],"about":[{"href":"https:\/\/royalfood.ch\/fr_fr\/wp-json\/wp\/v2\/types\/product"}],"replies":[{"embeddable":true,"href":"https:\/\/royalfood.ch\/fr_fr\/wp-json\/wp\/v2\/comments?post=10286"}],"wp:attachment":[{"href":"https:\/\/royalfood.ch\/fr_fr\/wp-json\/wp\/v2\/media?parent=10286"}],"wp:term":[{"taxonomy":"product_brand","embeddable":true,"href":"https:\/\/royalfood.ch\/fr_fr\/wp-json\/wp\/v2\/product_brand?post=10286"},{"taxonomy":"product_cat","embeddable":true,"href":"https:\/\/royalfood.ch\/fr_fr\/wp-json\/wp\/v2\/product_cat?post=10286"},{"taxonomy":"product_tag","embeddable":true,"href":"https:\/\/royalfood.ch\/fr_fr\/wp-json\/wp\/v2\/product_tag?post=10286"}],"curies":[{"name":"wp","href":"https:\/\/api.w.org\/{rel}","templated":true}]}}