{"id":10279,"date":"2025-10-18T22:34:33","date_gmt":"2025-10-18T19:34:33","guid":{"rendered":"https:\/\/royalfood.ch\/?post_type=product&#038;p=10279"},"modified":"2025-10-18T22:35:47","modified_gmt":"2025-10-18T19:35:47","slug":"durum-kofte","status":"publish","type":"product","link":"https:\/\/royalfood.ch\/fr_fr\/produit\/durum-kofte\/","title":{"rendered":"Durum kofte"},"content":{"rendered":"<p>Un d\u00fcr\u00fcm gourmand garni de k\u00f6ftes grill\u00e9es, servi dans un pain chaud et moelleux.<\/p>\n","protected":false},"excerpt":{"rendered":"<p>D\u00e9couvrez notre <strong data-start=\"268\" data-end=\"283\">Durum Kofte<\/strong>, une sp\u00e9cialit\u00e9 savoureuse pr\u00e9par\u00e9e avec de d\u00e9licieuses boulettes de viande grill\u00e9es, enroul\u00e9es dans un pain chaud et moelleux.<br data-start=\"411\" data-end=\"414\" \/>Accompagn\u00e9 de crudit\u00e9s fra\u00eeches, d\u2019herbes parfum\u00e9es et d\u2019une sauce au choix, ce d\u00fcr\u00fcm offre un \u00e9quilibre parfait entre authenticit\u00e9, g\u00e9n\u00e9rosit\u00e9 et go\u00fbt.<br data-start=\"566\" data-end=\"569\" \/>Une exp\u00e9rience pleine de saveurs orientales \u00e0 chaque bouch\u00e9e.<\/p>\n","protected":false},"featured_media":0,"comment_status":"open","ping_status":"closed","template":"","meta":[],"product_brand":[191],"product_cat":[183],"product_tag":[],"class_list":{"0":"post-10279","1":"product","2":"type-product","3":"status-publish","5":"product_brand-royal-food","6":"product_cat-kebap","8":"first","9":"instock","10":"shipping-taxable","11":"purchasable","12":"product-type-simple"},"_links":{"self":[{"href":"https:\/\/royalfood.ch\/fr_fr\/wp-json\/wp\/v2\/product\/10279","targetHints":{"allow":["GET"]}}],"collection":[{"href":"https:\/\/royalfood.ch\/fr_fr\/wp-json\/wp\/v2\/product"}],"about":[{"href":"https:\/\/royalfood.ch\/fr_fr\/wp-json\/wp\/v2\/types\/product"}],"replies":[{"embeddable":true,"href":"https:\/\/royalfood.ch\/fr_fr\/wp-json\/wp\/v2\/comments?post=10279"}],"wp:attachment":[{"href":"https:\/\/royalfood.ch\/fr_fr\/wp-json\/wp\/v2\/media?parent=10279"}],"wp:term":[{"taxonomy":"product_brand","embeddable":true,"href":"https:\/\/royalfood.ch\/fr_fr\/wp-json\/wp\/v2\/product_brand?post=10279"},{"taxonomy":"product_cat","embeddable":true,"href":"https:\/\/royalfood.ch\/fr_fr\/wp-json\/wp\/v2\/product_cat?post=10279"},{"taxonomy":"product_tag","embeddable":true,"href":"https:\/\/royalfood.ch\/fr_fr\/wp-json\/wp\/v2\/product_tag?post=10279"}],"curies":[{"name":"wp","href":"https:\/\/api.w.org\/{rel}","templated":true}]}}