{"id":10278,"date":"2025-10-18T22:33:08","date_gmt":"2025-10-18T19:33:08","guid":{"rendered":"https:\/\/royalfood.ch\/?post_type=product&#038;p=10278"},"modified":"2025-10-18T22:34:28","modified_gmt":"2025-10-18T19:34:28","slug":"durum-kebab-xxl-poulet","status":"publish","type":"product","link":"https:\/\/royalfood.ch\/fr_fr\/produit\/durum-kebab-xxl-poulet\/","title":{"rendered":"Durum kebab XXL poulet"},"content":{"rendered":"<p>Un d\u00fcr\u00fcm savoureux garni de poulet grill\u00e9, enroul\u00e9 dans un pain chaud et moelleux.<\/p>\n","protected":false},"excerpt":{"rendered":"<p>Un d\u00fcr\u00fcm g\u00e9n\u00e9reux et plein de saveurs, parfait pour les grandes faims !\u00a0<br data-start=\"245\" data-end=\"248\" \/>Pr\u00e9par\u00e9 avec de tendres morceaux de poulet grill\u00e9, enroul\u00e9s dans un pain chaud et moelleux, garni de crudit\u00e9s fra\u00eeches, de l\u00e9gumes croquants et d\u2019une sauce au choix.<br data-start=\"413\" data-end=\"416\" \/>Chaque bouch\u00e9e allie la douceur du poulet marin\u00e9, la fra\u00eecheur des l\u00e9gumes et la richesse des saveurs orientales.<br data-start=\"529\" data-end=\"532\" \/>Un vrai r\u00e9gal en format XXL, \u00e0 savourer sans mod\u00e9ration !<\/p>\n","protected":false},"featured_media":0,"comment_status":"open","ping_status":"closed","template":"","meta":[],"product_brand":[191],"product_cat":[183],"product_tag":[],"class_list":{"0":"post-10278","1":"product","2":"type-product","3":"status-publish","5":"product_brand-royal-food","6":"product_cat-kebap","8":"first","9":"instock","10":"shipping-taxable","11":"purchasable","12":"product-type-simple"},"_links":{"self":[{"href":"https:\/\/royalfood.ch\/fr_fr\/wp-json\/wp\/v2\/product\/10278","targetHints":{"allow":["GET"]}}],"collection":[{"href":"https:\/\/royalfood.ch\/fr_fr\/wp-json\/wp\/v2\/product"}],"about":[{"href":"https:\/\/royalfood.ch\/fr_fr\/wp-json\/wp\/v2\/types\/product"}],"replies":[{"embeddable":true,"href":"https:\/\/royalfood.ch\/fr_fr\/wp-json\/wp\/v2\/comments?post=10278"}],"wp:attachment":[{"href":"https:\/\/royalfood.ch\/fr_fr\/wp-json\/wp\/v2\/media?parent=10278"}],"wp:term":[{"taxonomy":"product_brand","embeddable":true,"href":"https:\/\/royalfood.ch\/fr_fr\/wp-json\/wp\/v2\/product_brand?post=10278"},{"taxonomy":"product_cat","embeddable":true,"href":"https:\/\/royalfood.ch\/fr_fr\/wp-json\/wp\/v2\/product_cat?post=10278"},{"taxonomy":"product_tag","embeddable":true,"href":"https:\/\/royalfood.ch\/fr_fr\/wp-json\/wp\/v2\/product_tag?post=10278"}],"curies":[{"name":"wp","href":"https:\/\/api.w.org\/{rel}","templated":true}]}}