{"id":10273,"date":"2025-10-18T22:25:17","date_gmt":"2025-10-18T19:25:17","guid":{"rendered":"https:\/\/royalfood.ch\/?post_type=product&#038;p=10273"},"modified":"2025-10-18T22:29:18","modified_gmt":"2025-10-18T19:29:18","slug":"durum-kebab-mixte","status":"publish","type":"product","link":"https:\/\/royalfood.ch\/fr_fr\/produit\/durum-kebab-mixte\/","title":{"rendered":"Durum kebab mixte"},"content":{"rendered":"<p>Un d\u00fcr\u00fcm gourmand avec un m\u00e9lange savoureux d\u2019agneau et de poulet grill\u00e9s.<\/p>\n","protected":false},"excerpt":{"rendered":"<p>D\u00e9couvrez notre <strong data-start=\"260\" data-end=\"281\">D\u00fcr\u00fcm Kebab Mixte<\/strong>, une combinaison parfaite d\u2019agneau et de poulet grill\u00e9s, enroul\u00e9s dans un pain chaud et moelleux, accompagn\u00e9s de crudit\u00e9s fra\u00eeches et d\u2019une sauce au choix.<br data-start=\"437\" data-end=\"440\" \/>Un m\u00e9lange de saveurs authentiques et g\u00e9n\u00e9reuses pour un plaisir \u00e0 chaque bouch\u00e9e!<\/p>\n","protected":false},"featured_media":10274,"comment_status":"open","ping_status":"closed","template":"","meta":[],"product_brand":[191],"product_cat":[183],"product_tag":[],"class_list":{"0":"post-10273","1":"product","2":"type-product","3":"status-publish","4":"has-post-thumbnail","6":"product_brand-royal-food","7":"product_cat-kebap","9":"first","10":"instock","11":"shipping-taxable","12":"purchasable","13":"product-type-simple"},"_links":{"self":[{"href":"https:\/\/royalfood.ch\/fr_fr\/wp-json\/wp\/v2\/product\/10273","targetHints":{"allow":["GET"]}}],"collection":[{"href":"https:\/\/royalfood.ch\/fr_fr\/wp-json\/wp\/v2\/product"}],"about":[{"href":"https:\/\/royalfood.ch\/fr_fr\/wp-json\/wp\/v2\/types\/product"}],"replies":[{"embeddable":true,"href":"https:\/\/royalfood.ch\/fr_fr\/wp-json\/wp\/v2\/comments?post=10273"}],"wp:featuredmedia":[{"embeddable":true,"href":"https:\/\/royalfood.ch\/fr_fr\/wp-json\/wp\/v2\/media\/10274"}],"wp:attachment":[{"href":"https:\/\/royalfood.ch\/fr_fr\/wp-json\/wp\/v2\/media?parent=10273"}],"wp:term":[{"taxonomy":"product_brand","embeddable":true,"href":"https:\/\/royalfood.ch\/fr_fr\/wp-json\/wp\/v2\/product_brand?post=10273"},{"taxonomy":"product_cat","embeddable":true,"href":"https:\/\/royalfood.ch\/fr_fr\/wp-json\/wp\/v2\/product_cat?post=10273"},{"taxonomy":"product_tag","embeddable":true,"href":"https:\/\/royalfood.ch\/fr_fr\/wp-json\/wp\/v2\/product_tag?post=10273"}],"curies":[{"name":"wp","href":"https:\/\/api.w.org\/{rel}","templated":true}]}}