{"id":10272,"date":"2025-10-18T22:23:41","date_gmt":"2025-10-18T19:23:41","guid":{"rendered":"https:\/\/royalfood.ch\/?post_type=product&#038;p=10272"},"modified":"2025-10-18T22:25:00","modified_gmt":"2025-10-18T19:25:00","slug":"durum-kebab-poulet","status":"publish","type":"product","link":"https:\/\/royalfood.ch\/fr_fr\/produit\/durum-kebab-poulet\/","title":{"rendered":"Durum kebab poulet"},"content":{"rendered":"<p>Un d\u00fcr\u00fcm savoureux garni de poulet grill\u00e9, enroul\u00e9 dans un pain chaud et moelleux.<\/p>\n","protected":false},"excerpt":{"rendered":"<p>Un classique irr\u00e9sistible !<br data-start=\"162\" data-end=\"165\" \/>Pr\u00e9par\u00e9 avec de tendres morceaux de poulet grill\u00e9, enroul\u00e9s dans un pain chaud et moelleux, accompagn\u00e9s de crudit\u00e9s fra\u00eeches et d\u2019une sauce savoureuse.<br data-start=\"316\" data-end=\"319\" \/>Un repas complet, plein de go\u00fbt et de fra\u00eecheur, parfait \u00e0 tout moment de la journ\u00e9e.<\/p>\n","protected":false},"featured_media":0,"comment_status":"open","ping_status":"closed","template":"","meta":[],"product_brand":[191],"product_cat":[183],"product_tag":[],"class_list":{"0":"post-10272","1":"product","2":"type-product","3":"status-publish","5":"product_brand-royal-food","6":"product_cat-kebap","8":"first","9":"instock","10":"shipping-taxable","11":"purchasable","12":"product-type-simple"},"_links":{"self":[{"href":"https:\/\/royalfood.ch\/fr_fr\/wp-json\/wp\/v2\/product\/10272","targetHints":{"allow":["GET"]}}],"collection":[{"href":"https:\/\/royalfood.ch\/fr_fr\/wp-json\/wp\/v2\/product"}],"about":[{"href":"https:\/\/royalfood.ch\/fr_fr\/wp-json\/wp\/v2\/types\/product"}],"replies":[{"embeddable":true,"href":"https:\/\/royalfood.ch\/fr_fr\/wp-json\/wp\/v2\/comments?post=10272"}],"wp:attachment":[{"href":"https:\/\/royalfood.ch\/fr_fr\/wp-json\/wp\/v2\/media?parent=10272"}],"wp:term":[{"taxonomy":"product_brand","embeddable":true,"href":"https:\/\/royalfood.ch\/fr_fr\/wp-json\/wp\/v2\/product_brand?post=10272"},{"taxonomy":"product_cat","embeddable":true,"href":"https:\/\/royalfood.ch\/fr_fr\/wp-json\/wp\/v2\/product_cat?post=10272"},{"taxonomy":"product_tag","embeddable":true,"href":"https:\/\/royalfood.ch\/fr_fr\/wp-json\/wp\/v2\/product_tag?post=10272"}],"curies":[{"name":"wp","href":"https:\/\/api.w.org\/{rel}","templated":true}]}}