{"id":10268,"date":"2025-10-18T22:14:39","date_gmt":"2025-10-18T19:14:39","guid":{"rendered":"https:\/\/royalfood.ch\/?post_type=product&#038;p=10268"},"modified":"2025-10-18T22:16:15","modified_gmt":"2025-10-18T19:16:15","slug":"tutedraku-burger-320g","status":"publish","type":"product","link":"https:\/\/royalfood.ch\/fr_fr\/produit\/tutedraku-burger-320g\/","title":{"rendered":"Tut\u00e9draku burger (320g)"},"content":{"rendered":"<div class=\"item-details-style_card__fI4sI\" data-qa=\"item-details-card\">\n<div class=\"item-details-style_card-description__3ztM9\">\n<div class=\"_1sMed _1wlHd Yc8ZH _1VvW7 hzg-6\" data-qa=\"flex\">\n<div class=\"rWs5G\" data-qa=\"text\">Pr\u00e9par\u00e9 avec 4 x steaks, salade, tomates, oignons grill\u00e9s, cheddar, chorizo et sp\u00e9cial sauce<\/div>\n<div class=\"item-details-style_productImgUnavailable-energy-container__gwPKh\"><\/div>\n<div data-qa=\"util\">\n<div data-qa=\"text\"><\/div>\n<\/div>\n<\/div>\n<\/div>\n<\/div>\n<div data-qa=\"util\">\n<div class=\"item-choices-style_content__PeXTk\" data-qa=\"item-choices\">\n<div>\n<div data-qa=\"util\">\n<div class=\"_1sMed _1wlHd Yc8ZH\" data-qa=\"flex\">\n<div class=\"_3YhsG _2gvDg Celm3\" data-qa=\"form-row\">\n<div class=\"_200bH\">\n<div class=\"_2ss_u _1GNug\" data-qa=\"form-row-item\">\n<div><\/div>\n<div class=\"option-groups-style_sticky__WgI_w option-groups-style___is-v2___uNSZ\">\n<div class=\"option-groups-style_title__DYH5H\">\n<div class=\"option-groups-style_text__ltton\">\n<div class=\"_3YhsG _3psPm Celm3\" data-qa=\"form-row\">\n<div class=\"_200bH\">\n<div class=\"_2ss_u _1GNug\" data-qa=\"form-row-item\">\n<div data-qa=\"util\">\n<div class=\"_1sMed _1wlHd Yc8ZH _1VvW7\" data-qa=\"flex\">\n<div class=\"_2FzwN\" data-qa=\"flex-item\">\n<div class=\"_1sMed _1wlHd _2cDMI _1VvW7 _2Ah6G\" data-qa=\"flex\">\n<div data-qa=\"flex-item\">\n<div data-qa=\"util\">\n<div class=\"_1sMed _1wlHd _2cDMI\" data-qa=\"flex\"><\/div>\n<\/div>\n<\/div>\n<\/div>\n<\/div>\n<\/div>\n<\/div>\n<\/div>\n<\/div>\n<\/div>\n<\/div>\n<\/div>\n<\/div>\n<\/div>\n<\/div>\n<\/div>\n<\/div>\n<\/div>\n<\/div>\n<\/div>\n<\/div>\n","protected":false},"excerpt":{"rendered":"<p>Le burger des audacieux \u2014 puissant, g\u00e9n\u00e9reux et plein de saveurs !\u00a0<br data-start=\"236\" data-end=\"239\" \/>Pr\u00e9par\u00e9 avec quatre steaks grill\u00e9s de 80 g chacun, du cheddar fondant, du chorizo \u00e9pic\u00e9, des oignons grill\u00e9s, de la salade croquante, des tomates fra\u00eeches et une sauce sp\u00e9ciale maison.<br data-start=\"423\" data-end=\"426\" \/>Un v\u00e9ritable d\u00e9fi gourmand pour les amateurs de sensations fortes !<\/p>\n","protected":false},"featured_media":0,"comment_status":"open","ping_status":"closed","template":"","meta":[],"product_brand":[191],"product_cat":[182],"product_tag":[],"class_list":{"0":"post-10268","1":"product","2":"type-product","3":"status-publish","5":"product_brand-royal-food","6":"product_cat-menu-hamburger","8":"first","9":"instock","10":"shipping-taxable","11":"purchasable","12":"product-type-simple"},"_links":{"self":[{"href":"https:\/\/royalfood.ch\/fr_fr\/wp-json\/wp\/v2\/product\/10268","targetHints":{"allow":["GET"]}}],"collection":[{"href":"https:\/\/royalfood.ch\/fr_fr\/wp-json\/wp\/v2\/product"}],"about":[{"href":"https:\/\/royalfood.ch\/fr_fr\/wp-json\/wp\/v2\/types\/product"}],"replies":[{"embeddable":true,"href":"https:\/\/royalfood.ch\/fr_fr\/wp-json\/wp\/v2\/comments?post=10268"}],"wp:attachment":[{"href":"https:\/\/royalfood.ch\/fr_fr\/wp-json\/wp\/v2\/media?parent=10268"}],"wp:term":[{"taxonomy":"product_brand","embeddable":true,"href":"https:\/\/royalfood.ch\/fr_fr\/wp-json\/wp\/v2\/product_brand?post=10268"},{"taxonomy":"product_cat","embeddable":true,"href":"https:\/\/royalfood.ch\/fr_fr\/wp-json\/wp\/v2\/product_cat?post=10268"},{"taxonomy":"product_tag","embeddable":true,"href":"https:\/\/royalfood.ch\/fr_fr\/wp-json\/wp\/v2\/product_tag?post=10268"}],"curies":[{"name":"wp","href":"https:\/\/api.w.org\/{rel}","templated":true}]}}