{"id":10263,"date":"2025-10-18T21:45:25","date_gmt":"2025-10-18T18:45:25","guid":{"rendered":"https:\/\/royalfood.ch\/?post_type=product&#038;p=10263"},"modified":"2025-10-18T21:46:22","modified_gmt":"2025-10-18T18:46:22","slug":"big-cheeseburger-240g-2","status":"publish","type":"product","link":"https:\/\/royalfood.ch\/fr_fr\/produit\/big-cheeseburger-240g-2\/","title":{"rendered":"Big cheeseburger (240g)"},"content":{"rendered":"<p>Pr\u00e9par\u00e9 avec 3 x steaks, fromage, salade, tomates, oignons, ketchup et mayonnaise<\/p>\n","protected":false},"excerpt":{"rendered":"<p>Un burger triple et ultra gourmand !\u00a0<br data-start=\"205\" data-end=\"208\" \/>Pr\u00e9par\u00e9 avec trois steaks grill\u00e9s de 80 g chacun, du fromage fondant, de la salade croquante, des tomates fra\u00eeches, des oignons, du ketchup et de la mayonnaise.<br data-start=\"368\" data-end=\"371\" \/>Un grand classique, g\u00e9n\u00e9reux et plein de go\u00fbt \u2014 pour les vrais amateurs de cheeseburger.<\/p>\n","protected":false},"featured_media":0,"comment_status":"open","ping_status":"closed","template":"","meta":[],"product_brand":[191],"product_cat":[182],"product_tag":[],"class_list":{"0":"post-10263","1":"product","2":"type-product","3":"status-publish","5":"product_brand-royal-food","6":"product_cat-menu-hamburger","8":"first","9":"instock","10":"shipping-taxable","11":"purchasable","12":"product-type-simple"},"_links":{"self":[{"href":"https:\/\/royalfood.ch\/fr_fr\/wp-json\/wp\/v2\/product\/10263","targetHints":{"allow":["GET"]}}],"collection":[{"href":"https:\/\/royalfood.ch\/fr_fr\/wp-json\/wp\/v2\/product"}],"about":[{"href":"https:\/\/royalfood.ch\/fr_fr\/wp-json\/wp\/v2\/types\/product"}],"replies":[{"embeddable":true,"href":"https:\/\/royalfood.ch\/fr_fr\/wp-json\/wp\/v2\/comments?post=10263"}],"wp:attachment":[{"href":"https:\/\/royalfood.ch\/fr_fr\/wp-json\/wp\/v2\/media?parent=10263"}],"wp:term":[{"taxonomy":"product_brand","embeddable":true,"href":"https:\/\/royalfood.ch\/fr_fr\/wp-json\/wp\/v2\/product_brand?post=10263"},{"taxonomy":"product_cat","embeddable":true,"href":"https:\/\/royalfood.ch\/fr_fr\/wp-json\/wp\/v2\/product_cat?post=10263"},{"taxonomy":"product_tag","embeddable":true,"href":"https:\/\/royalfood.ch\/fr_fr\/wp-json\/wp\/v2\/product_tag?post=10263"}],"curies":[{"name":"wp","href":"https:\/\/api.w.org\/{rel}","templated":true}]}}