{"id":10257,"date":"2025-10-18T21:36:31","date_gmt":"2025-10-18T18:36:31","guid":{"rendered":"https:\/\/royalfood.ch\/?post_type=product&#038;p=10257"},"modified":"2025-10-18T21:37:11","modified_gmt":"2025-10-18T18:37:11","slug":"riviera-burger-160g","status":"publish","type":"product","link":"https:\/\/royalfood.ch\/fr_fr\/produit\/riviera-burger-160g\/","title":{"rendered":"Riviera burger (160g)"},"content":{"rendered":"<p>Pr\u00e9par\u00e9 avec 2 x steaks, fromage de ch\u00e8vre, salade, tomates, oignons grill\u00e9s et sauce biggy burger<\/p>\n","protected":false},"excerpt":{"rendered":"<p>Un burger raffin\u00e9 aux saveurs du Sud!<br data-start=\"204\" data-end=\"207\" \/>Pr\u00e9par\u00e9 avec deux steaks grill\u00e9s de 80 g chacun, du fromage de ch\u00e8vre fondant, de la salade croquante, des tomates fra\u00eeches, des oignons grill\u00e9s et une sauce Biggy Burger.<br data-start=\"378\" data-end=\"381\" \/>Un mariage gourmand entre douceur, caract\u00e8re et fra\u00eecheur.<\/p>\n","protected":false},"featured_media":0,"comment_status":"open","ping_status":"closed","template":"","meta":[],"product_brand":[191],"product_cat":[182],"product_tag":[],"class_list":{"0":"post-10257","1":"product","2":"type-product","3":"status-publish","5":"product_brand-royal-food","6":"product_cat-menu-hamburger","8":"first","9":"instock","10":"shipping-taxable","11":"purchasable","12":"product-type-simple"},"_links":{"self":[{"href":"https:\/\/royalfood.ch\/fr_fr\/wp-json\/wp\/v2\/product\/10257","targetHints":{"allow":["GET"]}}],"collection":[{"href":"https:\/\/royalfood.ch\/fr_fr\/wp-json\/wp\/v2\/product"}],"about":[{"href":"https:\/\/royalfood.ch\/fr_fr\/wp-json\/wp\/v2\/types\/product"}],"replies":[{"embeddable":true,"href":"https:\/\/royalfood.ch\/fr_fr\/wp-json\/wp\/v2\/comments?post=10257"}],"wp:attachment":[{"href":"https:\/\/royalfood.ch\/fr_fr\/wp-json\/wp\/v2\/media?parent=10257"}],"wp:term":[{"taxonomy":"product_brand","embeddable":true,"href":"https:\/\/royalfood.ch\/fr_fr\/wp-json\/wp\/v2\/product_brand?post=10257"},{"taxonomy":"product_cat","embeddable":true,"href":"https:\/\/royalfood.ch\/fr_fr\/wp-json\/wp\/v2\/product_cat?post=10257"},{"taxonomy":"product_tag","embeddable":true,"href":"https:\/\/royalfood.ch\/fr_fr\/wp-json\/wp\/v2\/product_tag?post=10257"}],"curies":[{"name":"wp","href":"https:\/\/api.w.org\/{rel}","templated":true}]}}