{"id":10256,"date":"2025-10-18T21:35:07","date_gmt":"2025-10-18T18:35:07","guid":{"rendered":"https:\/\/royalfood.ch\/?post_type=product&#038;p=10256"},"modified":"2025-10-18T21:35:59","modified_gmt":"2025-10-18T18:35:59","slug":"veveysan-burger-160g","status":"publish","type":"product","link":"https:\/\/royalfood.ch\/fr_fr\/produit\/veveysan-burger-160g\/","title":{"rendered":"Veveysan burger (160g)"},"content":{"rendered":"<p>Pr\u00e9par\u00e9 avec 2 x steaks, fromage emmental, oignons grill\u00e9s, bacon, salade, tomates et sauce aigre-douce<\/p>\n","protected":false},"excerpt":{"rendered":"<p>Un burger riche en saveurs, inspir\u00e9 de la tradition suisse.<br data-start=\"247\" data-end=\"250\" \/>Pr\u00e9par\u00e9 avec deux steaks grill\u00e9s de 80 g chacun, du fromage emmental fondant, des oignons grill\u00e9s, du bacon croustillant, de la salade croquante, des tomates fra\u00eeches et une sauce aigre-douce.<br data-start=\"442\" data-end=\"445\" \/>Un m\u00e9lange parfait entre douceur, caract\u00e8re et authenticit\u00e9.<\/p>\n","protected":false},"featured_media":0,"comment_status":"open","ping_status":"closed","template":"","meta":[],"product_brand":[191],"product_cat":[182],"product_tag":[],"class_list":{"0":"post-10256","1":"product","2":"type-product","3":"status-publish","5":"product_brand-royal-food","6":"product_cat-menu-hamburger","8":"first","9":"instock","10":"shipping-taxable","11":"purchasable","12":"product-type-simple"},"_links":{"self":[{"href":"https:\/\/royalfood.ch\/fr_fr\/wp-json\/wp\/v2\/product\/10256","targetHints":{"allow":["GET"]}}],"collection":[{"href":"https:\/\/royalfood.ch\/fr_fr\/wp-json\/wp\/v2\/product"}],"about":[{"href":"https:\/\/royalfood.ch\/fr_fr\/wp-json\/wp\/v2\/types\/product"}],"replies":[{"embeddable":true,"href":"https:\/\/royalfood.ch\/fr_fr\/wp-json\/wp\/v2\/comments?post=10256"}],"wp:attachment":[{"href":"https:\/\/royalfood.ch\/fr_fr\/wp-json\/wp\/v2\/media?parent=10256"}],"wp:term":[{"taxonomy":"product_brand","embeddable":true,"href":"https:\/\/royalfood.ch\/fr_fr\/wp-json\/wp\/v2\/product_brand?post=10256"},{"taxonomy":"product_cat","embeddable":true,"href":"https:\/\/royalfood.ch\/fr_fr\/wp-json\/wp\/v2\/product_cat?post=10256"},{"taxonomy":"product_tag","embeddable":true,"href":"https:\/\/royalfood.ch\/fr_fr\/wp-json\/wp\/v2\/product_tag?post=10256"}],"curies":[{"name":"wp","href":"https:\/\/api.w.org\/{rel}","templated":true}]}}