{"id":10253,"date":"2025-10-18T21:32:02","date_gmt":"2025-10-18T18:32:02","guid":{"rendered":"https:\/\/royalfood.ch\/?post_type=product&#038;p=10253"},"modified":"2025-10-18T21:33:06","modified_gmt":"2025-10-18T18:33:06","slug":"bilkess-burger-160g","status":"publish","type":"product","link":"https:\/\/royalfood.ch\/fr_fr\/produit\/bilkess-burger-160g\/","title":{"rendered":"Bilkess burger (160g)"},"content":{"rendered":"<p>Pr\u00e9par\u00e9 avec 2 x steaks, cheddar, salade, tomates, oignons rouges, ketchup et mayonnaise<\/p>\n","protected":false},"excerpt":{"rendered":"<p>Un burger gourmand et plein de caract\u00e8re !<br data-start=\"205\" data-end=\"208\" \/>Pr\u00e9par\u00e9 avec deux steaks grill\u00e9s de 80 g chacun, du cheddar fondant, de la salade croquante, des tomates fra\u00eeches et des oignons rouges, relev\u00e9 d\u2019une touche de ketchup et de mayonnaise.<br data-start=\"393\" data-end=\"396\" \/>Un \u00e9quilibre parfait entre douceur, intensit\u00e9 et plaisir \u00e0 chaque bouch\u00e9e.<\/p>\n","protected":false},"featured_media":0,"comment_status":"open","ping_status":"closed","template":"","meta":[],"product_brand":[191],"product_cat":[182],"product_tag":[],"class_list":{"0":"post-10253","1":"product","2":"type-product","3":"status-publish","5":"product_brand-royal-food","6":"product_cat-menu-hamburger","8":"first","9":"instock","10":"shipping-taxable","11":"purchasable","12":"product-type-simple"},"_links":{"self":[{"href":"https:\/\/royalfood.ch\/fr_fr\/wp-json\/wp\/v2\/product\/10253","targetHints":{"allow":["GET"]}}],"collection":[{"href":"https:\/\/royalfood.ch\/fr_fr\/wp-json\/wp\/v2\/product"}],"about":[{"href":"https:\/\/royalfood.ch\/fr_fr\/wp-json\/wp\/v2\/types\/product"}],"replies":[{"embeddable":true,"href":"https:\/\/royalfood.ch\/fr_fr\/wp-json\/wp\/v2\/comments?post=10253"}],"wp:attachment":[{"href":"https:\/\/royalfood.ch\/fr_fr\/wp-json\/wp\/v2\/media?parent=10253"}],"wp:term":[{"taxonomy":"product_brand","embeddable":true,"href":"https:\/\/royalfood.ch\/fr_fr\/wp-json\/wp\/v2\/product_brand?post=10253"},{"taxonomy":"product_cat","embeddable":true,"href":"https:\/\/royalfood.ch\/fr_fr\/wp-json\/wp\/v2\/product_cat?post=10253"},{"taxonomy":"product_tag","embeddable":true,"href":"https:\/\/royalfood.ch\/fr_fr\/wp-json\/wp\/v2\/product_tag?post=10253"}],"curies":[{"name":"wp","href":"https:\/\/api.w.org\/{rel}","templated":true}]}}