{"id":10251,"date":"2025-10-18T21:27:59","date_gmt":"2025-10-18T18:27:59","guid":{"rendered":"https:\/\/royalfood.ch\/?post_type=product&#038;p=10251"},"modified":"2025-10-18T21:29:14","modified_gmt":"2025-10-18T18:29:14","slug":"hamburger-gruyere-160g","status":"publish","type":"product","link":"https:\/\/royalfood.ch\/fr_fr\/produit\/hamburger-gruyere-160g\/","title":{"rendered":"Hamburger gruy\u00e8re (160g)"},"content":{"rendered":"<p>Pr\u00e9par\u00e9 avec 2 x steaks, tomates, oignons, fromage gruy\u00e8re et une sauce au choix<\/p>\n","protected":false},"excerpt":{"rendered":"<p>Un burger savoureux au go\u00fbt authentique du gruy\u00e8re suisse !\u00a0<br data-start=\"215\" data-end=\"218\" \/>Pr\u00e9par\u00e9 avec deux steaks grill\u00e9s, du fromage gruy\u00e8re fondant, des tomates fra\u00eeches, des oignons et une sauce au choix.<br data-start=\"336\" data-end=\"339\" \/>Un classique revisit\u00e9 pour les amateurs de fromage et de saveurs riches.<\/p>\n","protected":false},"featured_media":0,"comment_status":"open","ping_status":"closed","template":"","meta":[],"product_brand":[191],"product_cat":[182],"product_tag":[],"class_list":{"0":"post-10251","1":"product","2":"type-product","3":"status-publish","5":"product_brand-royal-food","6":"product_cat-menu-hamburger","8":"first","9":"instock","10":"shipping-taxable","11":"purchasable","12":"product-type-simple"},"_links":{"self":[{"href":"https:\/\/royalfood.ch\/fr_fr\/wp-json\/wp\/v2\/product\/10251","targetHints":{"allow":["GET"]}}],"collection":[{"href":"https:\/\/royalfood.ch\/fr_fr\/wp-json\/wp\/v2\/product"}],"about":[{"href":"https:\/\/royalfood.ch\/fr_fr\/wp-json\/wp\/v2\/types\/product"}],"replies":[{"embeddable":true,"href":"https:\/\/royalfood.ch\/fr_fr\/wp-json\/wp\/v2\/comments?post=10251"}],"wp:attachment":[{"href":"https:\/\/royalfood.ch\/fr_fr\/wp-json\/wp\/v2\/media?parent=10251"}],"wp:term":[{"taxonomy":"product_brand","embeddable":true,"href":"https:\/\/royalfood.ch\/fr_fr\/wp-json\/wp\/v2\/product_brand?post=10251"},{"taxonomy":"product_cat","embeddable":true,"href":"https:\/\/royalfood.ch\/fr_fr\/wp-json\/wp\/v2\/product_cat?post=10251"},{"taxonomy":"product_tag","embeddable":true,"href":"https:\/\/royalfood.ch\/fr_fr\/wp-json\/wp\/v2\/product_tag?post=10251"}],"curies":[{"name":"wp","href":"https:\/\/api.w.org\/{rel}","templated":true}]}}