{"id":10247,"date":"2025-10-18T21:22:09","date_gmt":"2025-10-18T18:22:09","guid":{"rendered":"https:\/\/royalfood.ch\/?post_type=product&#038;p=10247"},"modified":"2025-10-18T21:23:16","modified_gmt":"2025-10-18T18:23:16","slug":"hamburger-trois-fromages-160g","status":"publish","type":"product","link":"https:\/\/royalfood.ch\/fr_fr\/produit\/hamburger-trois-fromages-160g\/","title":{"rendered":"Hamburger trois fromages (160g)"},"content":{"rendered":"<p>Pr\u00e9par\u00e9 avec 2 x steaks, fromage gruy\u00e8re, fromage raclette, tomates, oignons et une sauce au choix<\/p>\n","protected":false},"excerpt":{"rendered":"<p>Un burger fondant et plein de caract\u00e8re !<br data-start=\"231\" data-end=\"234\" \/>Pr\u00e9par\u00e9 avec deux steaks grill\u00e9s de 80 g chacun, du fromage gruy\u00e8re et du fromage raclette, accompagn\u00e9 de tomates fra\u00eeches, d\u2019oignons et d\u2019une sauce au choix.<br data-start=\"392\" data-end=\"395\" \/>Une explosion de saveurs pour les vrais amoureux du fromage.<\/p>\n","protected":false},"featured_media":0,"comment_status":"open","ping_status":"closed","template":"","meta":[],"product_brand":[191],"product_cat":[182],"product_tag":[],"class_list":{"0":"post-10247","1":"product","2":"type-product","3":"status-publish","5":"product_brand-royal-food","6":"product_cat-menu-hamburger","8":"first","9":"instock","10":"shipping-taxable","11":"purchasable","12":"product-type-simple"},"_links":{"self":[{"href":"https:\/\/royalfood.ch\/fr_fr\/wp-json\/wp\/v2\/product\/10247","targetHints":{"allow":["GET"]}}],"collection":[{"href":"https:\/\/royalfood.ch\/fr_fr\/wp-json\/wp\/v2\/product"}],"about":[{"href":"https:\/\/royalfood.ch\/fr_fr\/wp-json\/wp\/v2\/types\/product"}],"replies":[{"embeddable":true,"href":"https:\/\/royalfood.ch\/fr_fr\/wp-json\/wp\/v2\/comments?post=10247"}],"wp:attachment":[{"href":"https:\/\/royalfood.ch\/fr_fr\/wp-json\/wp\/v2\/media?parent=10247"}],"wp:term":[{"taxonomy":"product_brand","embeddable":true,"href":"https:\/\/royalfood.ch\/fr_fr\/wp-json\/wp\/v2\/product_brand?post=10247"},{"taxonomy":"product_cat","embeddable":true,"href":"https:\/\/royalfood.ch\/fr_fr\/wp-json\/wp\/v2\/product_cat?post=10247"},{"taxonomy":"product_tag","embeddable":true,"href":"https:\/\/royalfood.ch\/fr_fr\/wp-json\/wp\/v2\/product_tag?post=10247"}],"curies":[{"name":"wp","href":"https:\/\/api.w.org\/{rel}","templated":true}]}}