{"id":10244,"date":"2025-10-18T21:16:40","date_gmt":"2025-10-18T18:16:40","guid":{"rendered":"https:\/\/royalfood.ch\/?post_type=product&#038;p=10244"},"modified":"2025-10-18T21:17:50","modified_gmt":"2025-10-18T18:17:50","slug":"mega-cheeseburger-240g","status":"publish","type":"product","link":"https:\/\/royalfood.ch\/fr_fr\/produit\/mega-cheeseburger-240g\/","title":{"rendered":"Mega Cheeseburger (240g)"},"content":{"rendered":"<p>Pr\u00e9par\u00e9 avec 3 x steaks, fromage, salade, tomates, oignons, ketchup et mayonnaise<\/p>\n","protected":false},"excerpt":{"rendered":"<p>Un cheeseburger XXL pour les vrais amateurs de go\u00fbt !<br data-start=\"226\" data-end=\"229\" \/>Pr\u00e9par\u00e9 avec trois steaks grill\u00e9s de 80 g chacun, du fromage fondant, de la salade croquante, des tomates fra\u00eeches, des oignons, du ketchup et de la mayonnaise.<br data-start=\"389\" data-end=\"392\" \/>Un burger g\u00e9n\u00e9reux, fondant et irr\u00e9sistible \u00e0 chaque bouch\u00e9e.<\/p>\n","protected":false},"featured_media":0,"comment_status":"open","ping_status":"closed","template":"","meta":[],"product_brand":[191],"product_cat":[182],"product_tag":[],"class_list":{"0":"post-10244","1":"product","2":"type-product","3":"status-publish","5":"product_brand-royal-food","6":"product_cat-menu-hamburger","8":"first","9":"instock","10":"shipping-taxable","11":"purchasable","12":"product-type-simple"},"_links":{"self":[{"href":"https:\/\/royalfood.ch\/fr_fr\/wp-json\/wp\/v2\/product\/10244","targetHints":{"allow":["GET"]}}],"collection":[{"href":"https:\/\/royalfood.ch\/fr_fr\/wp-json\/wp\/v2\/product"}],"about":[{"href":"https:\/\/royalfood.ch\/fr_fr\/wp-json\/wp\/v2\/types\/product"}],"replies":[{"embeddable":true,"href":"https:\/\/royalfood.ch\/fr_fr\/wp-json\/wp\/v2\/comments?post=10244"}],"wp:attachment":[{"href":"https:\/\/royalfood.ch\/fr_fr\/wp-json\/wp\/v2\/media?parent=10244"}],"wp:term":[{"taxonomy":"product_brand","embeddable":true,"href":"https:\/\/royalfood.ch\/fr_fr\/wp-json\/wp\/v2\/product_brand?post=10244"},{"taxonomy":"product_cat","embeddable":true,"href":"https:\/\/royalfood.ch\/fr_fr\/wp-json\/wp\/v2\/product_cat?post=10244"},{"taxonomy":"product_tag","embeddable":true,"href":"https:\/\/royalfood.ch\/fr_fr\/wp-json\/wp\/v2\/product_tag?post=10244"}],"curies":[{"name":"wp","href":"https:\/\/api.w.org\/{rel}","templated":true}]}}