{"id":10241,"date":"2025-10-18T21:11:00","date_gmt":"2025-10-18T18:11:00","guid":{"rendered":"https:\/\/royalfood.ch\/?post_type=product&#038;p=10241"},"modified":"2025-10-18T21:13:14","modified_gmt":"2025-10-18T18:13:14","slug":"big-cheeseburger-240g","status":"publish","type":"product","link":"https:\/\/royalfood.ch\/fr_fr\/produit\/big-cheeseburger-240g\/","title":{"rendered":"Big cheeseburger (240g)"},"content":{"rendered":"<p>Pr\u00e9par\u00e9 avec 3 x steaks, salade, tomates, oignons, ketchup et mayonnaise<\/p>\n","protected":false},"excerpt":{"rendered":"<p>Un burger triple et ultra gourmand !<br data-start=\"209\" data-end=\"212\" \/>Pr\u00e9par\u00e9 avec trois steaks grill\u00e9s de 80 g chacun, du fromage fondant, de la salade croquante, des tomates fra\u00eeches et des oignons, accompagn\u00e9 de ketchup et de mayonnaise.<br data-start=\"382\" data-end=\"385\" \/>Un grand classique revisit\u00e9 pour les vrais amateurs de cheeseburgers g\u00e9n\u00e9reux.<\/p>\n","protected":false},"featured_media":0,"comment_status":"open","ping_status":"closed","template":"","meta":[],"product_brand":[191],"product_cat":[182],"product_tag":[],"class_list":{"0":"post-10241","1":"product","2":"type-product","3":"status-publish","5":"product_brand-royal-food","6":"product_cat-menu-hamburger","8":"first","9":"instock","10":"shipping-taxable","11":"purchasable","12":"product-type-simple"},"_links":{"self":[{"href":"https:\/\/royalfood.ch\/fr_fr\/wp-json\/wp\/v2\/product\/10241","targetHints":{"allow":["GET"]}}],"collection":[{"href":"https:\/\/royalfood.ch\/fr_fr\/wp-json\/wp\/v2\/product"}],"about":[{"href":"https:\/\/royalfood.ch\/fr_fr\/wp-json\/wp\/v2\/types\/product"}],"replies":[{"embeddable":true,"href":"https:\/\/royalfood.ch\/fr_fr\/wp-json\/wp\/v2\/comments?post=10241"}],"wp:attachment":[{"href":"https:\/\/royalfood.ch\/fr_fr\/wp-json\/wp\/v2\/media?parent=10241"}],"wp:term":[{"taxonomy":"product_brand","embeddable":true,"href":"https:\/\/royalfood.ch\/fr_fr\/wp-json\/wp\/v2\/product_brand?post=10241"},{"taxonomy":"product_cat","embeddable":true,"href":"https:\/\/royalfood.ch\/fr_fr\/wp-json\/wp\/v2\/product_cat?post=10241"},{"taxonomy":"product_tag","embeddable":true,"href":"https:\/\/royalfood.ch\/fr_fr\/wp-json\/wp\/v2\/product_tag?post=10241"}],"curies":[{"name":"wp","href":"https:\/\/api.w.org\/{rel}","templated":true}]}}