{"id":10236,"date":"2025-10-18T21:02:44","date_gmt":"2025-10-18T18:02:44","guid":{"rendered":"https:\/\/royalfood.ch\/?post_type=product&#038;p=10236"},"modified":"2025-10-18T21:02:44","modified_gmt":"2025-10-18T18:02:44","slug":"menu-crispy-burger-130g","status":"publish","type":"product","link":"https:\/\/royalfood.ch\/fr_fr\/produit\/menu-crispy-burger-130g\/","title":{"rendered":"Menu Crispy Burger (130g)"},"content":{"rendered":"<p>Pr\u00e9par\u00e9 avec salade verte, tomate, oignons, ketchup et mayonnaise, servi avec frites et boisson au choix<\/p>\n","protected":false},"excerpt":{"rendered":"<p>Un menu complet et gourmand !<br data-start=\"228\" data-end=\"231\" \/>Un burger croustillant pr\u00e9par\u00e9 avec un filet de poulet pan\u00e9 de 130 g, de la salade verte, des tomates fra\u00eeches, des oignons, du ketchup et de la mayonnaise.<br data-start=\"387\" data-end=\"390\" \/>Servi avec des frites dor\u00e9es et une boisson au choix \u2014 le combo parfait pour une pause savoureuse.<\/p>\n","protected":false},"featured_media":0,"comment_status":"open","ping_status":"closed","template":"","meta":[],"product_brand":[191],"product_cat":[182],"product_tag":[],"class_list":{"0":"post-10236","1":"product","2":"type-product","3":"status-publish","5":"product_brand-royal-food","6":"product_cat-menu-hamburger","8":"first","9":"instock","10":"shipping-taxable","11":"purchasable","12":"product-type-simple"},"_links":{"self":[{"href":"https:\/\/royalfood.ch\/fr_fr\/wp-json\/wp\/v2\/product\/10236","targetHints":{"allow":["GET"]}}],"collection":[{"href":"https:\/\/royalfood.ch\/fr_fr\/wp-json\/wp\/v2\/product"}],"about":[{"href":"https:\/\/royalfood.ch\/fr_fr\/wp-json\/wp\/v2\/types\/product"}],"replies":[{"embeddable":true,"href":"https:\/\/royalfood.ch\/fr_fr\/wp-json\/wp\/v2\/comments?post=10236"}],"wp:attachment":[{"href":"https:\/\/royalfood.ch\/fr_fr\/wp-json\/wp\/v2\/media?parent=10236"}],"wp:term":[{"taxonomy":"product_brand","embeddable":true,"href":"https:\/\/royalfood.ch\/fr_fr\/wp-json\/wp\/v2\/product_brand?post=10236"},{"taxonomy":"product_cat","embeddable":true,"href":"https:\/\/royalfood.ch\/fr_fr\/wp-json\/wp\/v2\/product_cat?post=10236"},{"taxonomy":"product_tag","embeddable":true,"href":"https:\/\/royalfood.ch\/fr_fr\/wp-json\/wp\/v2\/product_tag?post=10236"}],"curies":[{"name":"wp","href":"https:\/\/api.w.org\/{rel}","templated":true}]}}