{"id":10232,"date":"2025-10-18T20:55:38","date_gmt":"2025-10-18T17:55:38","guid":{"rendered":"https:\/\/royalfood.ch\/?post_type=product&#038;p=10232"},"modified":"2025-10-18T20:56:32","modified_gmt":"2025-10-18T17:56:32","slug":"double-big-burger-160g","status":"publish","type":"product","link":"https:\/\/royalfood.ch\/fr_fr\/produit\/double-big-burger-160g\/","title":{"rendered":"Double Big Burger (160g)"},"content":{"rendered":"<p>Pr\u00e9par\u00e9 avec salade, tomates et oignons<\/p>\n","protected":false},"excerpt":{"rendered":"<p>Deux steaks juteux de 80 g chacun, du fromage fondant, de la salade croquante, des tomates fra\u00eeches, des oignons et une sauce savoureuse.<br data-start=\"309\" data-end=\"312\" \/>Un burger g\u00e9n\u00e9reux et plein de go\u00fbt, parfait pour les vrais gourmands!<\/p>\n","protected":false},"featured_media":0,"comment_status":"open","ping_status":"closed","template":"","meta":[],"product_brand":[191],"product_cat":[181],"product_tag":[],"class_list":{"0":"post-10232","1":"product","2":"type-product","3":"status-publish","5":"product_brand-royal-food","6":"product_cat-burger","8":"first","9":"instock","10":"shipping-taxable","11":"purchasable","12":"product-type-simple"},"_links":{"self":[{"href":"https:\/\/royalfood.ch\/fr_fr\/wp-json\/wp\/v2\/product\/10232","targetHints":{"allow":["GET"]}}],"collection":[{"href":"https:\/\/royalfood.ch\/fr_fr\/wp-json\/wp\/v2\/product"}],"about":[{"href":"https:\/\/royalfood.ch\/fr_fr\/wp-json\/wp\/v2\/types\/product"}],"replies":[{"embeddable":true,"href":"https:\/\/royalfood.ch\/fr_fr\/wp-json\/wp\/v2\/comments?post=10232"}],"wp:attachment":[{"href":"https:\/\/royalfood.ch\/fr_fr\/wp-json\/wp\/v2\/media?parent=10232"}],"wp:term":[{"taxonomy":"product_brand","embeddable":true,"href":"https:\/\/royalfood.ch\/fr_fr\/wp-json\/wp\/v2\/product_brand?post=10232"},{"taxonomy":"product_cat","embeddable":true,"href":"https:\/\/royalfood.ch\/fr_fr\/wp-json\/wp\/v2\/product_cat?post=10232"},{"taxonomy":"product_tag","embeddable":true,"href":"https:\/\/royalfood.ch\/fr_fr\/wp-json\/wp\/v2\/product_tag?post=10232"}],"curies":[{"name":"wp","href":"https:\/\/api.w.org\/{rel}","templated":true}]}}